{"id":47760,"date":"2019-03-18T17:31:36","date_gmt":"2019-03-18T14:31:36","guid":{"rendered":"https:\/\/ramrolf.eu\/product\/new-product-4\/"},"modified":"2019-03-20T12:56:39","modified_gmt":"2019-03-20T09:56:39","slug":"galda-vizitkarsu-turetajs-mini-caurspidigs","status":"publish","type":"product","link":"https:\/\/ramrolf.lv\/ru\/product\/galda-vizitkarsu-turetajs-mini-caurspidigs\/","title":{"rendered":"Galda viz\u012btkar\u0161u tur\u0113t\u0101js MINI, caursp\u012bd\u012bgs"},"content":{"rendered":"","protected":false},"excerpt":{"rendered":"","protected":false},"featured_media":47896,"template":"","meta":[],"product_cat":[967],"product_tag":[],"_links":{"self":[{"href":"https:\/\/ramrolf.lv\/ru\/wp-json\/wp\/v2\/product\/47760"}],"collection":[{"href":"https:\/\/ramrolf.lv\/ru\/wp-json\/wp\/v2\/product"}],"about":[{"href":"https:\/\/ramrolf.lv\/ru\/wp-json\/wp\/v2\/types\/product"}],"wp:featuredmedia":[{"embeddable":true,"href":"https:\/\/ramrolf.lv\/ru\/wp-json\/wp\/v2\/media\/47896"}],"wp:attachment":[{"href":"https:\/\/ramrolf.lv\/ru\/wp-json\/wp\/v2\/media?parent=47760"}],"wp:term":[{"taxonomy":"product_cat","embeddable":true,"href":"https:\/\/ramrolf.lv\/ru\/wp-json\/wp\/v2\/product_cat?post=47760"},{"taxonomy":"product_tag","embeddable":true,"href":"https:\/\/ramrolf.lv\/ru\/wp-json\/wp\/v2\/product_tag?post=47760"}],"curies":[{"name":"wp","href":"https:\/\/api.w.org\/{rel}","templated":true}]}}