{"id":47777,"date":"2019-03-19T11:05:19","date_gmt":"2019-03-19T08:05:19","guid":{"rendered":"https:\/\/ramrolf.eu\/product\/new-product-4\/"},"modified":"2019-04-09T10:07:43","modified_gmt":"2019-04-09T07:07:43","slug":"laminesanas-pleve-a4-80mk-100lpp-caurspidiga","status":"publish","type":"product","link":"https:\/\/ramrolf.lv\/ru\/product\/laminesanas-pleve-a4-80mk-100lpp-caurspidiga\/","title":{"rendered":"Lamin\u0113\u0161anas pl\u0113ve A4, 80MK, 100lpp, caursp\u012bd\u012bga"},"content":{"rendered":"","protected":false},"excerpt":{"rendered":"","protected":false},"featured_media":48144,"template":"","meta":[],"product_cat":[979],"product_tag":[],"_links":{"self":[{"href":"https:\/\/ramrolf.lv\/ru\/wp-json\/wp\/v2\/product\/47777"}],"collection":[{"href":"https:\/\/ramrolf.lv\/ru\/wp-json\/wp\/v2\/product"}],"about":[{"href":"https:\/\/ramrolf.lv\/ru\/wp-json\/wp\/v2\/types\/product"}],"wp:featuredmedia":[{"embeddable":true,"href":"https:\/\/ramrolf.lv\/ru\/wp-json\/wp\/v2\/media\/48144"}],"wp:attachment":[{"href":"https:\/\/ramrolf.lv\/ru\/wp-json\/wp\/v2\/media?parent=47777"}],"wp:term":[{"taxonomy":"product_cat","embeddable":true,"href":"https:\/\/ramrolf.lv\/ru\/wp-json\/wp\/v2\/product_cat?post=47777"},{"taxonomy":"product_tag","embeddable":true,"href":"https:\/\/ramrolf.lv\/ru\/wp-json\/wp\/v2\/product_tag?post=47777"}],"curies":[{"name":"wp","href":"https:\/\/api.w.org\/{rel}","templated":true}]}}