{"id":47788,"date":"2019-03-19T12:08:11","date_gmt":"2019-03-19T09:08:11","guid":{"rendered":"https:\/\/ramrolf.eu\/product\/new-product-4\/"},"modified":"2019-04-09T10:10:18","modified_gmt":"2019-04-09T07:10:18","slug":"laminesanas-pleve-ibm-card-59%d1%8583-125mk-100lpp-caurspidiga","status":"publish","type":"product","link":"https:\/\/ramrolf.lv\/ru\/product\/laminesanas-pleve-ibm-card-59%d1%8583-125mk-100lpp-caurspidiga\/","title":{"rendered":"Lamin\u0113\u0161anas pl\u0113ve IBM card (59\u044583), 125MK, 100lpp, caursp\u012bd\u012bga"},"content":{"rendered":"","protected":false},"excerpt":{"rendered":"","protected":false},"featured_media":48144,"template":"","meta":[],"product_cat":[979],"product_tag":[],"_links":{"self":[{"href":"https:\/\/ramrolf.lv\/ru\/wp-json\/wp\/v2\/product\/47788"}],"collection":[{"href":"https:\/\/ramrolf.lv\/ru\/wp-json\/wp\/v2\/product"}],"about":[{"href":"https:\/\/ramrolf.lv\/ru\/wp-json\/wp\/v2\/types\/product"}],"wp:featuredmedia":[{"embeddable":true,"href":"https:\/\/ramrolf.lv\/ru\/wp-json\/wp\/v2\/media\/48144"}],"wp:attachment":[{"href":"https:\/\/ramrolf.lv\/ru\/wp-json\/wp\/v2\/media?parent=47788"}],"wp:term":[{"taxonomy":"product_cat","embeddable":true,"href":"https:\/\/ramrolf.lv\/ru\/wp-json\/wp\/v2\/product_cat?post=47788"},{"taxonomy":"product_tag","embeddable":true,"href":"https:\/\/ramrolf.lv\/ru\/wp-json\/wp\/v2\/product_tag?post=47788"}],"curies":[{"name":"wp","href":"https:\/\/api.w.org\/{rel}","templated":true}]}}