{"id":47867,"date":"2019-03-20T11:55:28","date_gmt":"2019-03-20T08:55:28","guid":{"rendered":"https:\/\/ramrolf.eu\/product\/new-product-4\/"},"modified":"2019-03-20T11:56:52","modified_gmt":"2019-03-20T08:56:52","slug":"galda-komplekts-no-koka-6-prieksmeti-bruns-koks","status":"publish","type":"product","link":"https:\/\/ramrolf.lv\/ru\/product\/galda-komplekts-no-koka-6-prieksmeti-bruns-koks\/","title":{"rendered":"Galda komplekts no koka, 6 priek\u0161meti, br\u016bns koks"},"content":{"rendered":"","protected":false},"excerpt":{"rendered":"<p>Divda\u013c\u012bgs dokumentu plaukti\u0146\u0161, pap\u012bra bloks ar paliktni, kancelejas nazis, paliktnis 2 pildspalv\u0101m, paliktnis rakst\u012b\u0161anai, galda kalendara tur\u0113t\u0101js.<\/p>\n","protected":false},"featured_media":47868,"template":"","meta":[],"product_cat":[966],"product_tag":[],"_links":{"self":[{"href":"https:\/\/ramrolf.lv\/ru\/wp-json\/wp\/v2\/product\/47867"}],"collection":[{"href":"https:\/\/ramrolf.lv\/ru\/wp-json\/wp\/v2\/product"}],"about":[{"href":"https:\/\/ramrolf.lv\/ru\/wp-json\/wp\/v2\/types\/product"}],"wp:featuredmedia":[{"embeddable":true,"href":"https:\/\/ramrolf.lv\/ru\/wp-json\/wp\/v2\/media\/47868"}],"wp:attachment":[{"href":"https:\/\/ramrolf.lv\/ru\/wp-json\/wp\/v2\/media?parent=47867"}],"wp:term":[{"taxonomy":"product_cat","embeddable":true,"href":"https:\/\/ramrolf.lv\/ru\/wp-json\/wp\/v2\/product_cat?post=47867"},{"taxonomy":"product_tag","embeddable":true,"href":"https:\/\/ramrolf.lv\/ru\/wp-json\/wp\/v2\/product_tag?post=47867"}],"curies":[{"name":"wp","href":"https:\/\/api.w.org\/{rel}","templated":true}]}}