{"id":47873,"date":"2019-03-20T12:04:51","date_gmt":"2019-03-20T09:04:51","guid":{"rendered":"https:\/\/ramrolf.eu\/product\/new-product-4\/"},"modified":"2019-03-20T12:06:03","modified_gmt":"2019-03-20T09:06:03","slug":"galda-komplekts-no-koka-9-prieksmeti-bordo","status":"publish","type":"product","link":"https:\/\/ramrolf.lv\/ru\/product\/galda-komplekts-no-koka-9-prieksmeti-bordo\/","title":{"rendered":"Galda komplekts no koka, 9 priek\u0161meti, bordo"},"content":{"rendered":"","protected":false},"excerpt":{"rendered":"<p>Divda\u013c\u012bgs dokumentu plaukti\u0146\u0161, pap\u012bra bloks ar paliktni, kancelejas nazis, paliktnis 2 pildspalv\u0101m, paliktnis z\u012bmu\u013ciem, paliktnis viz\u012btkart\u0113m, paliktnis rakst\u012b\u0161anai, paliktnis aploksn\u0113m, sasprau\u017eau trauci\u0146\u0161.<\/p>\n","protected":false},"featured_media":47874,"template":"","meta":[],"product_cat":[966],"product_tag":[],"_links":{"self":[{"href":"https:\/\/ramrolf.lv\/ru\/wp-json\/wp\/v2\/product\/47873"}],"collection":[{"href":"https:\/\/ramrolf.lv\/ru\/wp-json\/wp\/v2\/product"}],"about":[{"href":"https:\/\/ramrolf.lv\/ru\/wp-json\/wp\/v2\/types\/product"}],"wp:featuredmedia":[{"embeddable":true,"href":"https:\/\/ramrolf.lv\/ru\/wp-json\/wp\/v2\/media\/47874"}],"wp:attachment":[{"href":"https:\/\/ramrolf.lv\/ru\/wp-json\/wp\/v2\/media?parent=47873"}],"wp:term":[{"taxonomy":"product_cat","embeddable":true,"href":"https:\/\/ramrolf.lv\/ru\/wp-json\/wp\/v2\/product_cat?post=47873"},{"taxonomy":"product_tag","embeddable":true,"href":"https:\/\/ramrolf.lv\/ru\/wp-json\/wp\/v2\/product_tag?post=47873"}],"curies":[{"name":"wp","href":"https:\/\/api.w.org\/{rel}","templated":true}]}}