{"id":47881,"date":"2019-03-20T12:12:01","date_gmt":"2019-03-20T09:12:01","guid":{"rendered":"https:\/\/ramrolf.eu\/product\/new-product-4\/"},"modified":"2019-03-20T12:13:44","modified_gmt":"2019-03-20T09:13:44","slug":"galda-komplekts-no-koka-8-prieksmeti","status":"publish","type":"product","link":"https:\/\/ramrolf.lv\/ru\/product\/galda-komplekts-no-koka-8-prieksmeti\/","title":{"rendered":"Galda komplekts no koka, 8 priek\u0161meti"},"content":{"rendered":"","protected":false},"excerpt":{"rendered":"<p>Komplekt\u0101 ietilpst: galda segums 66&#215;42 cm, v\u0113stu\u013cu nazis, viz\u012btkar\u0161u tur\u0113t\u0101js, pildspalvu tur\u0113t\u0101js, 2 plaukti\u0146i, trauci\u0146\u0161 pildspalv\u0101m-z\u012bmu\u013ciem, piez\u012bmju pap\u012bra paliktnis un v\u0113stu\u013cu tur\u0113t\u0101js. <\/p>\n","protected":false},"featured_media":47882,"template":"","meta":[],"product_cat":[966],"product_tag":[],"_links":{"self":[{"href":"https:\/\/ramrolf.lv\/ru\/wp-json\/wp\/v2\/product\/47881"}],"collection":[{"href":"https:\/\/ramrolf.lv\/ru\/wp-json\/wp\/v2\/product"}],"about":[{"href":"https:\/\/ramrolf.lv\/ru\/wp-json\/wp\/v2\/types\/product"}],"wp:featuredmedia":[{"embeddable":true,"href":"https:\/\/ramrolf.lv\/ru\/wp-json\/wp\/v2\/media\/47882"}],"wp:attachment":[{"href":"https:\/\/ramrolf.lv\/ru\/wp-json\/wp\/v2\/media?parent=47881"}],"wp:term":[{"taxonomy":"product_cat","embeddable":true,"href":"https:\/\/ramrolf.lv\/ru\/wp-json\/wp\/v2\/product_cat?post=47881"},{"taxonomy":"product_tag","embeddable":true,"href":"https:\/\/ramrolf.lv\/ru\/wp-json\/wp\/v2\/product_tag?post=47881"}],"curies":[{"name":"wp","href":"https:\/\/api.w.org\/{rel}","templated":true}]}}