{"id":47883,"date":"2019-03-20T12:14:00","date_gmt":"2019-03-20T09:14:00","guid":{"rendered":"https:\/\/ramrolf.eu\/product\/new-product-4\/"},"modified":"2019-03-20T12:15:19","modified_gmt":"2019-03-20T09:15:19","slug":"rakstamgalda-komplekts-no-koka-5-prieksmeti","status":"publish","type":"product","link":"https:\/\/ramrolf.lv\/ru\/product\/rakstamgalda-komplekts-no-koka-5-prieksmeti\/","title":{"rendered":"Rakst\u0101mgalda komplekts no koka 5 priek\u0161meti"},"content":{"rendered":"","protected":false},"excerpt":{"rendered":"<p>Komplekt\u0101 ietilpst: v\u0113stu\u013cu nazis, trauci\u0146\u0161 pildspalv\u0101m un z\u012bmu\u013ciem, trauci\u0146\u0161 piez\u012bmju pap\u012bram un viz\u012btkart\u0113m, plaukti\u0146\u0161, galda virsma (66&#215;43 cm) <\/p>\n","protected":false},"featured_media":47884,"template":"","meta":[],"product_cat":[966],"product_tag":[],"_links":{"self":[{"href":"https:\/\/ramrolf.lv\/ru\/wp-json\/wp\/v2\/product\/47883"}],"collection":[{"href":"https:\/\/ramrolf.lv\/ru\/wp-json\/wp\/v2\/product"}],"about":[{"href":"https:\/\/ramrolf.lv\/ru\/wp-json\/wp\/v2\/types\/product"}],"wp:featuredmedia":[{"embeddable":true,"href":"https:\/\/ramrolf.lv\/ru\/wp-json\/wp\/v2\/media\/47884"}],"wp:attachment":[{"href":"https:\/\/ramrolf.lv\/ru\/wp-json\/wp\/v2\/media?parent=47883"}],"wp:term":[{"taxonomy":"product_cat","embeddable":true,"href":"https:\/\/ramrolf.lv\/ru\/wp-json\/wp\/v2\/product_cat?post=47883"},{"taxonomy":"product_tag","embeddable":true,"href":"https:\/\/ramrolf.lv\/ru\/wp-json\/wp\/v2\/product_tag?post=47883"}],"curies":[{"name":"wp","href":"https:\/\/api.w.org\/{rel}","templated":true}]}}