{"id":47893,"date":"2019-03-20T12:53:22","date_gmt":"2019-03-20T09:53:22","guid":{"rendered":"https:\/\/ramrolf.eu\/product\/new-product-4\/"},"modified":"2019-03-20T12:54:23","modified_gmt":"2019-03-20T09:54:23","slug":"vizitkarsu-bloknots-115-x-254-mm","status":"publish","type":"product","link":"https:\/\/ramrolf.lv\/ru\/product\/vizitkarsu-bloknots-115-x-254-mm\/","title":{"rendered":"Viz\u012btkar\u0161u bloknots 115 x 254 mm"},"content":{"rendered":"","protected":false},"excerpt":{"rendered":"<p>Standarta izm\u0113rs 90 x 57 cm, paredz\u0113ts 112 viz\u012btkart\u0113m <\/p>\n","protected":false},"featured_media":47892,"template":"","meta":[],"product_cat":[967],"product_tag":[],"_links":{"self":[{"href":"https:\/\/ramrolf.lv\/ru\/wp-json\/wp\/v2\/product\/47893"}],"collection":[{"href":"https:\/\/ramrolf.lv\/ru\/wp-json\/wp\/v2\/product"}],"about":[{"href":"https:\/\/ramrolf.lv\/ru\/wp-json\/wp\/v2\/types\/product"}],"wp:featuredmedia":[{"embeddable":true,"href":"https:\/\/ramrolf.lv\/ru\/wp-json\/wp\/v2\/media\/47892"}],"wp:attachment":[{"href":"https:\/\/ramrolf.lv\/ru\/wp-json\/wp\/v2\/media?parent=47893"}],"wp:term":[{"taxonomy":"product_cat","embeddable":true,"href":"https:\/\/ramrolf.lv\/ru\/wp-json\/wp\/v2\/product_cat?post=47893"},{"taxonomy":"product_tag","embeddable":true,"href":"https:\/\/ramrolf.lv\/ru\/wp-json\/wp\/v2\/product_tag?post=47893"}],"curies":[{"name":"wp","href":"https:\/\/api.w.org\/{rel}","templated":true}]}}