{"id":47894,"date":"2019-03-20T12:54:40","date_gmt":"2019-03-20T09:54:40","guid":{"rendered":"https:\/\/ramrolf.eu\/product\/new-product-4\/"},"modified":"2019-03-20T12:55:46","modified_gmt":"2019-03-20T09:55:46","slug":"vizitkarsu-bloknots-tumsi-bruns-195-x-113-mm","status":"publish","type":"product","link":"https:\/\/ramrolf.lv\/ru\/product\/vizitkarsu-bloknots-tumsi-bruns-195-x-113-mm\/","title":{"rendered":"Viz\u012btkar\u0161u bloknots, tum\u0161i br\u016bns, 195 x 113 mm"},"content":{"rendered":"","protected":false},"excerpt":{"rendered":"<p>Paredz\u0113ts 240 viz\u012btkart\u0113m <\/p>\n","protected":false},"featured_media":47895,"template":"","meta":[],"product_cat":[967],"product_tag":[],"_links":{"self":[{"href":"https:\/\/ramrolf.lv\/ru\/wp-json\/wp\/v2\/product\/47894"}],"collection":[{"href":"https:\/\/ramrolf.lv\/ru\/wp-json\/wp\/v2\/product"}],"about":[{"href":"https:\/\/ramrolf.lv\/ru\/wp-json\/wp\/v2\/types\/product"}],"wp:featuredmedia":[{"embeddable":true,"href":"https:\/\/ramrolf.lv\/ru\/wp-json\/wp\/v2\/media\/47895"}],"wp:attachment":[{"href":"https:\/\/ramrolf.lv\/ru\/wp-json\/wp\/v2\/media?parent=47894"}],"wp:term":[{"taxonomy":"product_cat","embeddable":true,"href":"https:\/\/ramrolf.lv\/ru\/wp-json\/wp\/v2\/product_cat?post=47894"},{"taxonomy":"product_tag","embeddable":true,"href":"https:\/\/ramrolf.lv\/ru\/wp-json\/wp\/v2\/product_tag?post=47894"}],"curies":[{"name":"wp","href":"https:\/\/api.w.org\/{rel}","templated":true}]}}