{"id":47901,"date":"2019-03-20T13:50:33","date_gmt":"2019-03-20T10:50:33","guid":{"rendered":"https:\/\/ramrolf.eu\/product\/new-product-4\/"},"modified":"2019-03-20T13:51:36","modified_gmt":"2019-03-20T10:51:36","slug":"atslegu-kastes-72-atslegam","status":"publish","type":"product","link":"https:\/\/ramrolf.lv\/ru\/product\/atslegu-kastes-72-atslegam\/","title":{"rendered":"Atsl\u0113gu kastes 72 atsl\u0113g\u0101m"},"content":{"rendered":"","protected":false},"excerpt":{"rendered":"<p>Izm\u0113ri: 300 x 240 x 75 mm kast\u0113 <\/p>\n","protected":false},"featured_media":47899,"template":"","meta":[],"product_cat":[501],"product_tag":[],"_links":{"self":[{"href":"https:\/\/ramrolf.lv\/ru\/wp-json\/wp\/v2\/product\/47901"}],"collection":[{"href":"https:\/\/ramrolf.lv\/ru\/wp-json\/wp\/v2\/product"}],"about":[{"href":"https:\/\/ramrolf.lv\/ru\/wp-json\/wp\/v2\/types\/product"}],"wp:featuredmedia":[{"embeddable":true,"href":"https:\/\/ramrolf.lv\/ru\/wp-json\/wp\/v2\/media\/47899"}],"wp:attachment":[{"href":"https:\/\/ramrolf.lv\/ru\/wp-json\/wp\/v2\/media?parent=47901"}],"wp:term":[{"taxonomy":"product_cat","embeddable":true,"href":"https:\/\/ramrolf.lv\/ru\/wp-json\/wp\/v2\/product_cat?post=47901"},{"taxonomy":"product_tag","embeddable":true,"href":"https:\/\/ramrolf.lv\/ru\/wp-json\/wp\/v2\/product_tag?post=47901"}],"curies":[{"name":"wp","href":"https:\/\/api.w.org\/{rel}","templated":true}]}}