{"id":47941,"date":"2019-03-22T12:04:00","date_gmt":"2019-03-22T09:04:00","guid":{"rendered":"https:\/\/ramrolf.eu\/product\/new-product-5\/"},"modified":"2019-03-22T12:08:23","modified_gmt":"2019-03-22T09:08:23","slug":"dienasgramata-exucutive-agenda-a5-liniju","status":"publish","type":"product","link":"https:\/\/ramrolf.lv\/ru\/product\/dienasgramata-exucutive-agenda-a5-liniju\/","title":{"rendered":"Dienasgr\u0101mata EXUCUTIVE AGENDA, A5 l\u012bniju"},"content":{"rendered":"","protected":false},"excerpt":{"rendered":"<p>Dienasgr\u0101mata bez datumiem, ar pasaules karti aizmugur\u0113, izm\u0113ri 21 x 14 cm, m\u0101ksl\u012bg\u0101s \u0101das v\u0101kos, v\u0101ki sinepju kr\u0101s\u0101. <\/p>\n","protected":false},"featured_media":47942,"template":"","meta":[],"product_cat":[474],"product_tag":[],"_links":{"self":[{"href":"https:\/\/ramrolf.lv\/ru\/wp-json\/wp\/v2\/product\/47941"}],"collection":[{"href":"https:\/\/ramrolf.lv\/ru\/wp-json\/wp\/v2\/product"}],"about":[{"href":"https:\/\/ramrolf.lv\/ru\/wp-json\/wp\/v2\/types\/product"}],"wp:featuredmedia":[{"embeddable":true,"href":"https:\/\/ramrolf.lv\/ru\/wp-json\/wp\/v2\/media\/47942"}],"wp:attachment":[{"href":"https:\/\/ramrolf.lv\/ru\/wp-json\/wp\/v2\/media?parent=47941"}],"wp:term":[{"taxonomy":"product_cat","embeddable":true,"href":"https:\/\/ramrolf.lv\/ru\/wp-json\/wp\/v2\/product_cat?post=47941"},{"taxonomy":"product_tag","embeddable":true,"href":"https:\/\/ramrolf.lv\/ru\/wp-json\/wp\/v2\/product_tag?post=47941"}],"curies":[{"name":"wp","href":"https:\/\/api.w.org\/{rel}","templated":true}]}}