{"id":47961,"date":"2019-03-22T13:10:44","date_gmt":"2019-03-22T10:10:44","guid":{"rendered":"https:\/\/ramrolf.eu\/product\/new-product-5\/"},"modified":"2019-03-22T13:13:39","modified_gmt":"2019-03-22T10:13:39","slug":"tafele-flipchart-10070cm-ar-ritentiniem","status":"publish","type":"product","link":"https:\/\/ramrolf.lv\/ru\/product\/tafele-flipchart-10070cm-ar-ritentiniem\/","title":{"rendered":"T\u0101fele FLIPCHART 100*70cm ar ritenti\u0146iem"},"content":{"rendered":"","protected":false},"excerpt":{"rendered":"<p>P\u0101rvietojam\u0101 magn\u0113tisk\u0101 t\u0101fele ar rite\u0146iem, regul\u0113jams augstums(max. 1,85m), komplekt\u0101 ar 3 magn\u0113tiem un t\u0101fe\u013cu t\u012br\u0101mo s\u016bkli (magn\u0113tisku).<\/p>\n","protected":false},"featured_media":47962,"template":"","meta":[],"product_cat":[995],"product_tag":[],"_links":{"self":[{"href":"https:\/\/ramrolf.lv\/ru\/wp-json\/wp\/v2\/product\/47961"}],"collection":[{"href":"https:\/\/ramrolf.lv\/ru\/wp-json\/wp\/v2\/product"}],"about":[{"href":"https:\/\/ramrolf.lv\/ru\/wp-json\/wp\/v2\/types\/product"}],"wp:featuredmedia":[{"embeddable":true,"href":"https:\/\/ramrolf.lv\/ru\/wp-json\/wp\/v2\/media\/47962"}],"wp:attachment":[{"href":"https:\/\/ramrolf.lv\/ru\/wp-json\/wp\/v2\/media?parent=47961"}],"wp:term":[{"taxonomy":"product_cat","embeddable":true,"href":"https:\/\/ramrolf.lv\/ru\/wp-json\/wp\/v2\/product_cat?post=47961"},{"taxonomy":"product_tag","embeddable":true,"href":"https:\/\/ramrolf.lv\/ru\/wp-json\/wp\/v2\/product_tag?post=47961"}],"curies":[{"name":"wp","href":"https:\/\/api.w.org\/{rel}","templated":true}]}}