{"id":47979,"date":"2019-03-22T13:28:24","date_gmt":"2019-03-22T10:28:24","guid":{"rendered":"https:\/\/ramrolf.eu\/product\/new-product-5\/"},"modified":"2019-03-22T13:30:08","modified_gmt":"2019-03-22T10:30:08","slug":"papira-bloks-tafelem-flipchart-balts-60x85cm-50-lpp","status":"publish","type":"product","link":"https:\/\/ramrolf.lv\/ru\/product\/papira-bloks-tafelem-flipchart-balts-60x85cm-50-lpp\/","title":{"rendered":"Pap\u012bra bloks t\u0101fel\u0113m Flipchart balts 60x85cm, 50 lpp."},"content":{"rendered":"","protected":false},"excerpt":{"rendered":"<p>Dom\u0101ts visu veida Flipchart t\u0101fel\u0113m, iepakots pa 5 gb, blok\u0101 50 lpp. <\/p>\n","protected":false},"featured_media":47980,"template":"","meta":[],"product_cat":[996],"product_tag":[],"_links":{"self":[{"href":"https:\/\/ramrolf.lv\/ru\/wp-json\/wp\/v2\/product\/47979"}],"collection":[{"href":"https:\/\/ramrolf.lv\/ru\/wp-json\/wp\/v2\/product"}],"about":[{"href":"https:\/\/ramrolf.lv\/ru\/wp-json\/wp\/v2\/types\/product"}],"wp:featuredmedia":[{"embeddable":true,"href":"https:\/\/ramrolf.lv\/ru\/wp-json\/wp\/v2\/media\/47980"}],"wp:attachment":[{"href":"https:\/\/ramrolf.lv\/ru\/wp-json\/wp\/v2\/media?parent=47979"}],"wp:term":[{"taxonomy":"product_cat","embeddable":true,"href":"https:\/\/ramrolf.lv\/ru\/wp-json\/wp\/v2\/product_cat?post=47979"},{"taxonomy":"product_tag","embeddable":true,"href":"https:\/\/ramrolf.lv\/ru\/wp-json\/wp\/v2\/product_tag?post=47979"}],"curies":[{"name":"wp","href":"https:\/\/api.w.org\/{rel}","templated":true}]}}