{"id":47983,"date":"2019-03-22T13:33:00","date_gmt":"2019-03-22T10:33:00","guid":{"rendered":"https:\/\/ramrolf.eu\/product\/new-product-5\/"},"modified":"2019-03-22T13:34:31","modified_gmt":"2019-03-22T10:34:31","slug":"magneti-tafelem-8-gb-iepakojuma-30mm-diametrs","status":"publish","type":"product","link":"https:\/\/ramrolf.lv\/ru\/product\/magneti-tafelem-8-gb-iepakojuma-30mm-diametrs\/","title":{"rendered":"Magn\u0113ti t\u0101fel\u0113m, 8 gb. iepakojum\u0101, 30mm diametrs"},"content":{"rendered":"","protected":false},"excerpt":{"rendered":"<p>Magn\u0113ti t\u0101fel\u0113m, iepakojum\u0101 8 gab., da\u017e\u0101das kr\u0101sas, diametrs 30 mm. <\/p>\n","protected":false},"featured_media":47984,"template":"","meta":[],"product_cat":[996],"product_tag":[],"_links":{"self":[{"href":"https:\/\/ramrolf.lv\/ru\/wp-json\/wp\/v2\/product\/47983"}],"collection":[{"href":"https:\/\/ramrolf.lv\/ru\/wp-json\/wp\/v2\/product"}],"about":[{"href":"https:\/\/ramrolf.lv\/ru\/wp-json\/wp\/v2\/types\/product"}],"wp:featuredmedia":[{"embeddable":true,"href":"https:\/\/ramrolf.lv\/ru\/wp-json\/wp\/v2\/media\/47984"}],"wp:attachment":[{"href":"https:\/\/ramrolf.lv\/ru\/wp-json\/wp\/v2\/media?parent=47983"}],"wp:term":[{"taxonomy":"product_cat","embeddable":true,"href":"https:\/\/ramrolf.lv\/ru\/wp-json\/wp\/v2\/product_cat?post=47983"},{"taxonomy":"product_tag","embeddable":true,"href":"https:\/\/ramrolf.lv\/ru\/wp-json\/wp\/v2\/product_tag?post=47983"}],"curies":[{"name":"wp","href":"https:\/\/api.w.org\/{rel}","templated":true}]}}