{"id":47985,"date":"2019-03-22T13:34:59","date_gmt":"2019-03-22T10:34:59","guid":{"rendered":"https:\/\/ramrolf.eu\/product\/new-product-5\/"},"modified":"2019-03-22T13:41:36","modified_gmt":"2019-03-22T10:41:36","slug":"magneti-tafelem-4-gab-40-mm-diametrs","status":"publish","type":"product","link":"https:\/\/ramrolf.lv\/ru\/product\/magneti-tafelem-4-gab-40-mm-diametrs\/","title":{"rendered":"Magn\u0113ti t\u0101fel\u0113m, 4 gab., 40 mm diametrs"},"content":{"rendered":"","protected":false},"excerpt":{"rendered":"<p>Magn\u0113ti t\u0101fel\u0113m, 4 gab., 40 mm diametrs <\/p>\n","protected":false},"featured_media":47984,"template":"","meta":[],"product_cat":[996],"product_tag":[],"_links":{"self":[{"href":"https:\/\/ramrolf.lv\/ru\/wp-json\/wp\/v2\/product\/47985"}],"collection":[{"href":"https:\/\/ramrolf.lv\/ru\/wp-json\/wp\/v2\/product"}],"about":[{"href":"https:\/\/ramrolf.lv\/ru\/wp-json\/wp\/v2\/types\/product"}],"wp:featuredmedia":[{"embeddable":true,"href":"https:\/\/ramrolf.lv\/ru\/wp-json\/wp\/v2\/media\/47984"}],"wp:attachment":[{"href":"https:\/\/ramrolf.lv\/ru\/wp-json\/wp\/v2\/media?parent=47985"}],"wp:term":[{"taxonomy":"product_cat","embeddable":true,"href":"https:\/\/ramrolf.lv\/ru\/wp-json\/wp\/v2\/product_cat?post=47985"},{"taxonomy":"product_tag","embeddable":true,"href":"https:\/\/ramrolf.lv\/ru\/wp-json\/wp\/v2\/product_tag?post=47985"}],"curies":[{"name":"wp","href":"https:\/\/api.w.org\/{rel}","templated":true}]}}