{"id":48001,"date":"2019-03-22T14:17:39","date_gmt":"2019-03-22T11:17:39","guid":{"rendered":"https:\/\/ramrolf.eu\/product\/new-product-5\/"},"modified":"2019-03-22T14:20:10","modified_gmt":"2019-03-22T11:20:10","slug":"identifikatora-stiprinajums-klipsis","status":"publish","type":"product","link":"https:\/\/ramrolf.lv\/ru\/product\/identifikatora-stiprinajums-klipsis\/","title":{"rendered":"Identifik\u0101tora stiprin\u0101jums-klipsis"},"content":{"rendered":"","protected":false},"excerpt":{"rendered":"<p>Klipsis identifik\u0101toram (tikai klipsis) <\/p>\n","protected":false},"featured_media":48002,"template":"","meta":[],"product_cat":[999],"product_tag":[],"_links":{"self":[{"href":"https:\/\/ramrolf.lv\/ru\/wp-json\/wp\/v2\/product\/48001"}],"collection":[{"href":"https:\/\/ramrolf.lv\/ru\/wp-json\/wp\/v2\/product"}],"about":[{"href":"https:\/\/ramrolf.lv\/ru\/wp-json\/wp\/v2\/types\/product"}],"wp:featuredmedia":[{"embeddable":true,"href":"https:\/\/ramrolf.lv\/ru\/wp-json\/wp\/v2\/media\/48002"}],"wp:attachment":[{"href":"https:\/\/ramrolf.lv\/ru\/wp-json\/wp\/v2\/media?parent=48001"}],"wp:term":[{"taxonomy":"product_cat","embeddable":true,"href":"https:\/\/ramrolf.lv\/ru\/wp-json\/wp\/v2\/product_cat?post=48001"},{"taxonomy":"product_tag","embeddable":true,"href":"https:\/\/ramrolf.lv\/ru\/wp-json\/wp\/v2\/product_tag?post=48001"}],"curies":[{"name":"wp","href":"https:\/\/api.w.org\/{rel}","templated":true}]}}