{"id":48004,"date":"2019-03-22T14:22:24","date_gmt":"2019-03-22T11:22:24","guid":{"rendered":"https:\/\/ramrolf.eu\/product\/new-product-5\/"},"modified":"2019-03-22T14:23:38","modified_gmt":"2019-03-22T11:23:38","slug":"lenta-ar-drosibas-spradzi-personas-kartei-sarkana-45-cm","status":"publish","type":"product","link":"https:\/\/ramrolf.lv\/ru\/product\/lenta-ar-drosibas-spradzi-personas-kartei-sarkana-45-cm\/","title":{"rendered":"Lenta ar dro\u0161\u012bbas spr\u0101dzi personas kartei, sarkana, 45 cm"},"content":{"rendered":"","protected":false},"excerpt":{"rendered":"<p>Lentas platums 2 cm <\/p>\n","protected":false},"featured_media":48005,"template":"","meta":[],"product_cat":[999],"product_tag":[],"_links":{"self":[{"href":"https:\/\/ramrolf.lv\/ru\/wp-json\/wp\/v2\/product\/48004"}],"collection":[{"href":"https:\/\/ramrolf.lv\/ru\/wp-json\/wp\/v2\/product"}],"about":[{"href":"https:\/\/ramrolf.lv\/ru\/wp-json\/wp\/v2\/types\/product"}],"wp:featuredmedia":[{"embeddable":true,"href":"https:\/\/ramrolf.lv\/ru\/wp-json\/wp\/v2\/media\/48005"}],"wp:attachment":[{"href":"https:\/\/ramrolf.lv\/ru\/wp-json\/wp\/v2\/media?parent=48004"}],"wp:term":[{"taxonomy":"product_cat","embeddable":true,"href":"https:\/\/ramrolf.lv\/ru\/wp-json\/wp\/v2\/product_cat?post=48004"},{"taxonomy":"product_tag","embeddable":true,"href":"https:\/\/ramrolf.lv\/ru\/wp-json\/wp\/v2\/product_tag?post=48004"}],"curies":[{"name":"wp","href":"https:\/\/api.w.org\/{rel}","templated":true}]}}