{"id":48006,"date":"2019-03-22T14:23:45","date_gmt":"2019-03-22T11:23:45","guid":{"rendered":"https:\/\/ramrolf.eu\/product\/new-product-5\/"},"modified":"2019-03-22T14:24:59","modified_gmt":"2019-03-22T11:24:59","slug":"lenta-ar-drosibas-spradzi-personas-kartei-zila-45-cm-gara","status":"publish","type":"product","link":"https:\/\/ramrolf.lv\/ru\/product\/lenta-ar-drosibas-spradzi-personas-kartei-zila-45-cm-gara\/","title":{"rendered":"Lenta ar dro\u0161\u012bbas spr\u0101dzi personas kartei, zila, 45 cm gara"},"content":{"rendered":"","protected":false},"excerpt":{"rendered":"<p>Lentas platums 2 cm <\/p>\n","protected":false},"featured_media":48005,"template":"","meta":[],"product_cat":[999],"product_tag":[],"_links":{"self":[{"href":"https:\/\/ramrolf.lv\/ru\/wp-json\/wp\/v2\/product\/48006"}],"collection":[{"href":"https:\/\/ramrolf.lv\/ru\/wp-json\/wp\/v2\/product"}],"about":[{"href":"https:\/\/ramrolf.lv\/ru\/wp-json\/wp\/v2\/types\/product"}],"wp:featuredmedia":[{"embeddable":true,"href":"https:\/\/ramrolf.lv\/ru\/wp-json\/wp\/v2\/media\/48005"}],"wp:attachment":[{"href":"https:\/\/ramrolf.lv\/ru\/wp-json\/wp\/v2\/media?parent=48006"}],"wp:term":[{"taxonomy":"product_cat","embeddable":true,"href":"https:\/\/ramrolf.lv\/ru\/wp-json\/wp\/v2\/product_cat?post=48006"},{"taxonomy":"product_tag","embeddable":true,"href":"https:\/\/ramrolf.lv\/ru\/wp-json\/wp\/v2\/product_tag?post=48006"}],"curies":[{"name":"wp","href":"https:\/\/api.w.org\/{rel}","templated":true}]}}