{"id":48020,"date":"2019-03-22T17:26:06","date_gmt":"2019-03-22T14:26:06","guid":{"rendered":"https:\/\/ramrolf.eu\/product\/new-product-5\/"},"modified":"2019-04-01T11:39:22","modified_gmt":"2019-04-01T08:39:22","slug":"universalas-tirisas-salvetes-mainas-salvetes-100gab","status":"publish","type":"product","link":"https:\/\/ramrolf.lv\/ru\/product\/universalas-tirisas-salvetes-mainas-salvetes-100gab\/","title":{"rendered":"Univers\u0101l\u0101s t\u012br\u012b\u0161\u0101s salvetes (mai\u0146as salvetes) 100gab"},"content":{"rendered":"","protected":false},"excerpt":{"rendered":"<p>Rezerve priek\u0161 FO11303 t\u012br\u012b\u0161anas salvet\u0113m. Ra\u017eots V\u0101cij\u0101. <\/p>\n","protected":false},"featured_media":48021,"template":"","meta":[],"product_cat":[1000],"product_tag":[],"_links":{"self":[{"href":"https:\/\/ramrolf.lv\/ru\/wp-json\/wp\/v2\/product\/48020"}],"collection":[{"href":"https:\/\/ramrolf.lv\/ru\/wp-json\/wp\/v2\/product"}],"about":[{"href":"https:\/\/ramrolf.lv\/ru\/wp-json\/wp\/v2\/types\/product"}],"wp:featuredmedia":[{"embeddable":true,"href":"https:\/\/ramrolf.lv\/ru\/wp-json\/wp\/v2\/media\/48021"}],"wp:attachment":[{"href":"https:\/\/ramrolf.lv\/ru\/wp-json\/wp\/v2\/media?parent=48020"}],"wp:term":[{"taxonomy":"product_cat","embeddable":true,"href":"https:\/\/ramrolf.lv\/ru\/wp-json\/wp\/v2\/product_cat?post=48020"},{"taxonomy":"product_tag","embeddable":true,"href":"https:\/\/ramrolf.lv\/ru\/wp-json\/wp\/v2\/product_tag?post=48020"}],"curies":[{"name":"wp","href":"https:\/\/api.w.org\/{rel}","templated":true}]}}