{"id":48022,"date":"2019-03-22T17:28:03","date_gmt":"2019-03-22T14:28:03","guid":{"rendered":"https:\/\/ramrolf.eu\/product\/new-product-5\/"},"modified":"2019-04-01T11:39:21","modified_gmt":"2019-04-01T08:39:21","slug":"salvetes-ekrana-tirisanai-50gab","status":"publish","type":"product","link":"https:\/\/ramrolf.lv\/ru\/product\/salvetes-ekrana-tirisanai-50gab\/","title":{"rendered":"Salvetes ekr\u0101na t\u012br\u012b\u0161anai 50gab"},"content":{"rendered":"","protected":false},"excerpt":{"rendered":"<p>T\u012br\u012b\u0161anas salvetes visu veida ekr\u0101niem LCD,LED un TV. Ra\u017eots V\u0101cij\u0101. <\/p>\n","protected":false},"featured_media":48023,"template":"","meta":[],"product_cat":[1000],"product_tag":[],"_links":{"self":[{"href":"https:\/\/ramrolf.lv\/ru\/wp-json\/wp\/v2\/product\/48022"}],"collection":[{"href":"https:\/\/ramrolf.lv\/ru\/wp-json\/wp\/v2\/product"}],"about":[{"href":"https:\/\/ramrolf.lv\/ru\/wp-json\/wp\/v2\/types\/product"}],"wp:featuredmedia":[{"embeddable":true,"href":"https:\/\/ramrolf.lv\/ru\/wp-json\/wp\/v2\/media\/48023"}],"wp:attachment":[{"href":"https:\/\/ramrolf.lv\/ru\/wp-json\/wp\/v2\/media?parent=48022"}],"wp:term":[{"taxonomy":"product_cat","embeddable":true,"href":"https:\/\/ramrolf.lv\/ru\/wp-json\/wp\/v2\/product_cat?post=48022"},{"taxonomy":"product_tag","embeddable":true,"href":"https:\/\/ramrolf.lv\/ru\/wp-json\/wp\/v2\/product_tag?post=48022"}],"curies":[{"name":"wp","href":"https:\/\/api.w.org\/{rel}","templated":true}]}}