{"id":48024,"date":"2019-03-22T17:29:17","date_gmt":"2019-03-22T14:29:17","guid":{"rendered":"https:\/\/ramrolf.eu\/product\/new-product-5\/"},"modified":"2019-04-01T11:39:20","modified_gmt":"2019-04-01T08:39:20","slug":"tirisanas-gels-prieks-led-lcd-tv-un-plazmas-ekraniem","status":"publish","type":"product","link":"https:\/\/ramrolf.lv\/ru\/product\/tirisanas-gels-prieks-led-lcd-tv-un-plazmas-ekraniem\/","title":{"rendered":"T\u012br\u012b\u0161anas g\u0113ls priek\u0161 LED\/LCD\/TV un Plazmas ekr\u0101niem"},"content":{"rendered":"","protected":false},"excerpt":{"rendered":"<p>Speci\u0101ls G\u0113ls LED\/LCD\/TV, plazmas un kl\u0113pjdatora ekr\u0101nu t\u012br\u012b\u0161anai. Komplekt\u0101 ar mikrofibras dr\u0101ni\u0146u. Ra\u017eots V\u0101cij\u0101. <\/p>\n","protected":false},"featured_media":48025,"template":"","meta":[],"product_cat":[1000],"product_tag":[],"_links":{"self":[{"href":"https:\/\/ramrolf.lv\/ru\/wp-json\/wp\/v2\/product\/48024"}],"collection":[{"href":"https:\/\/ramrolf.lv\/ru\/wp-json\/wp\/v2\/product"}],"about":[{"href":"https:\/\/ramrolf.lv\/ru\/wp-json\/wp\/v2\/types\/product"}],"wp:featuredmedia":[{"embeddable":true,"href":"https:\/\/ramrolf.lv\/ru\/wp-json\/wp\/v2\/media\/48025"}],"wp:attachment":[{"href":"https:\/\/ramrolf.lv\/ru\/wp-json\/wp\/v2\/media?parent=48024"}],"wp:term":[{"taxonomy":"product_cat","embeddable":true,"href":"https:\/\/ramrolf.lv\/ru\/wp-json\/wp\/v2\/product_cat?post=48024"},{"taxonomy":"product_tag","embeddable":true,"href":"https:\/\/ramrolf.lv\/ru\/wp-json\/wp\/v2\/product_tag?post=48024"}],"curies":[{"name":"wp","href":"https:\/\/api.w.org\/{rel}","templated":true}]}}