{"id":48045,"date":"2019-03-26T16:10:54","date_gmt":"2019-03-26T13:10:54","guid":{"rendered":"https:\/\/ramrolf.eu\/product\/new-product-5\/"},"modified":"2019-04-01T11:39:14","modified_gmt":"2019-04-01T08:39:14","slug":"lavazza-gran-espresso-1kg","status":"publish","type":"product","link":"https:\/\/ramrolf.lv\/ru\/product\/lavazza-gran-espresso-1kg\/","title":{"rendered":"LAVAZZA Gran Espresso 1kg"},"content":{"rendered":"","protected":false},"excerpt":{"rendered":"<p>LAVAZZA Gran Espresso kafijas pupi\u0146as, 1000g. Vid\u0113ji grauzd\u0113tu Arabika un Robusta kafijas pupi\u0146u mais\u012bjums. <\/p>\n","protected":false},"featured_media":48113,"template":"","meta":[],"product_cat":[372],"product_tag":[],"_links":{"self":[{"href":"https:\/\/ramrolf.lv\/ru\/wp-json\/wp\/v2\/product\/48045"}],"collection":[{"href":"https:\/\/ramrolf.lv\/ru\/wp-json\/wp\/v2\/product"}],"about":[{"href":"https:\/\/ramrolf.lv\/ru\/wp-json\/wp\/v2\/types\/product"}],"wp:featuredmedia":[{"embeddable":true,"href":"https:\/\/ramrolf.lv\/ru\/wp-json\/wp\/v2\/media\/48113"}],"wp:attachment":[{"href":"https:\/\/ramrolf.lv\/ru\/wp-json\/wp\/v2\/media?parent=48045"}],"wp:term":[{"taxonomy":"product_cat","embeddable":true,"href":"https:\/\/ramrolf.lv\/ru\/wp-json\/wp\/v2\/product_cat?post=48045"},{"taxonomy":"product_tag","embeddable":true,"href":"https:\/\/ramrolf.lv\/ru\/wp-json\/wp\/v2\/product_tag?post=48045"}],"curies":[{"name":"wp","href":"https:\/\/api.w.org\/{rel}","templated":true}]}}