{"id":48046,"date":"2019-03-26T18:08:08","date_gmt":"2019-03-26T15:08:08","guid":{"rendered":"https:\/\/ramrolf.eu\/product\/new-product-5\/"},"modified":"2019-04-01T11:39:12","modified_gmt":"2019-04-01T08:39:12","slug":"lavazza-crema-e-aroma-1kg-2","status":"publish","type":"product","link":"https:\/\/ramrolf.lv\/ru\/product\/lavazza-crema-e-aroma-1kg-2\/","title":{"rendered":"LAVAZZA Crema e Aroma 1kg"},"content":{"rendered":"","protected":false},"excerpt":{"rendered":"<p>LAVAZZA Crema e Aroma kafijas pupi\u0146as, 1000g. Arabikas un Robustas mais\u012bjums ar intens\u012bvu, ilgsto\u0161u gar\u0161u.<\/p>\n","protected":false},"featured_media":48125,"template":"","meta":[],"product_cat":[372],"product_tag":[],"_links":{"self":[{"href":"https:\/\/ramrolf.lv\/ru\/wp-json\/wp\/v2\/product\/48046"}],"collection":[{"href":"https:\/\/ramrolf.lv\/ru\/wp-json\/wp\/v2\/product"}],"about":[{"href":"https:\/\/ramrolf.lv\/ru\/wp-json\/wp\/v2\/types\/product"}],"wp:featuredmedia":[{"embeddable":true,"href":"https:\/\/ramrolf.lv\/ru\/wp-json\/wp\/v2\/media\/48125"}],"wp:attachment":[{"href":"https:\/\/ramrolf.lv\/ru\/wp-json\/wp\/v2\/media?parent=48046"}],"wp:term":[{"taxonomy":"product_cat","embeddable":true,"href":"https:\/\/ramrolf.lv\/ru\/wp-json\/wp\/v2\/product_cat?post=48046"},{"taxonomy":"product_tag","embeddable":true,"href":"https:\/\/ramrolf.lv\/ru\/wp-json\/wp\/v2\/product_tag?post=48046"}],"curies":[{"name":"wp","href":"https:\/\/api.w.org\/{rel}","templated":true}]}}