{"id":48051,"date":"2019-03-26T18:24:46","date_gmt":"2019-03-26T15:24:46","guid":{"rendered":"https:\/\/ramrolf.eu\/product\/new-product-5\/"},"modified":"2019-04-01T11:39:07","modified_gmt":"2019-04-01T08:39:07","slug":"lavazza-caffe-espresso-1kg","status":"publish","type":"product","link":"https:\/\/ramrolf.lv\/ru\/product\/lavazza-caffe-espresso-1kg\/","title":{"rendered":"LAVAZZA Caffe Espresso 1kg"},"content":{"rendered":"<p>LAVAZZA Caffe Espresso kafijas pupi\u0146as, 1000g. Vid\u0113ja grauzd\u0113juma kafijas pupi\u0146as, no Arabikas kafijas \u0161\u0137irnes, kas paredz\u0113tas visiem pagatavo\u0161anas veidiem. Pupi\u0146as no Centr\u0101las un Dienvidu Amerikas.<br \/>Stipra, ar vieglu sk\u0101bumu, gar\u0161vielu arom\u0101tu un saldu intens\u012bvu p\u0113cgar\u0161u.<\/p>\n","protected":false},"excerpt":{"rendered":"<p>LAVAZZA Caffe Espresso kafijas pupi\u0146as, 1000g. Vid\u0113ja grauzd\u0113juma kafijas pupi\u0146as, no Arabikas kafijas \u0161\u0137irnes, kas paredz\u0113tas visiem pagatavo\u0161anas veidiem. Pupi\u0146as no Centr\u0101las un Dienvidu Amerikas.Stipra, ar vieglu sk\u0101bumu, gar\u0161vielu arom\u0101tu un saldu intens\u012bvu p\u0113cgar\u0161u.<\/p>\n","protected":false},"featured_media":48109,"template":"","meta":[],"product_cat":[372],"product_tag":[],"_links":{"self":[{"href":"https:\/\/ramrolf.lv\/ru\/wp-json\/wp\/v2\/product\/48051"}],"collection":[{"href":"https:\/\/ramrolf.lv\/ru\/wp-json\/wp\/v2\/product"}],"about":[{"href":"https:\/\/ramrolf.lv\/ru\/wp-json\/wp\/v2\/types\/product"}],"wp:featuredmedia":[{"embeddable":true,"href":"https:\/\/ramrolf.lv\/ru\/wp-json\/wp\/v2\/media\/48109"}],"wp:attachment":[{"href":"https:\/\/ramrolf.lv\/ru\/wp-json\/wp\/v2\/media?parent=48051"}],"wp:term":[{"taxonomy":"product_cat","embeddable":true,"href":"https:\/\/ramrolf.lv\/ru\/wp-json\/wp\/v2\/product_cat?post=48051"},{"taxonomy":"product_tag","embeddable":true,"href":"https:\/\/ramrolf.lv\/ru\/wp-json\/wp\/v2\/product_tag?post=48051"}],"curies":[{"name":"wp","href":"https:\/\/api.w.org\/{rel}","templated":true}]}}