{"id":52987,"date":"2019-09-04T19:21:28","date_gmt":"2019-09-04T16:21:28","guid":{"rendered":"https:\/\/ramrolf.eu\/lv\/product\/import-placeholder-for-49944\/"},"modified":"2019-09-25T18:11:47","modified_gmt":"2019-09-25T15:11:47","slug":"lvkartridzs-canon-710h-lbp-3460-12000k","status":"publish","type":"product","link":"https:\/\/ramrolf.lv\/ru\/product\/lvkartridzs-canon-710h-lbp-3460-12000k\/","title":{"rendered":"K\u0101rtrid\u017es Canon 710H  LBP 3460 (12000k)"},"content":{"rendered":"<p>K\u0101rtrid\u017es Canon 710H  LBP 3460 (12000k)<\/p>\n","protected":false},"excerpt":{"rendered":"<p>K\u0101rtrid\u017es Canon 710H LBP 3460 (12000k)<\/p>\n","protected":false},"featured_media":53019,"template":"","meta":[],"product_cat":[1068,291,289],"product_tag":[],"_links":{"self":[{"href":"https:\/\/ramrolf.lv\/ru\/wp-json\/wp\/v2\/product\/52987"}],"collection":[{"href":"https:\/\/ramrolf.lv\/ru\/wp-json\/wp\/v2\/product"}],"about":[{"href":"https:\/\/ramrolf.lv\/ru\/wp-json\/wp\/v2\/types\/product"}],"wp:featuredmedia":[{"embeddable":true,"href":"https:\/\/ramrolf.lv\/ru\/wp-json\/wp\/v2\/media\/53019"}],"wp:attachment":[{"href":"https:\/\/ramrolf.lv\/ru\/wp-json\/wp\/v2\/media?parent=52987"}],"wp:term":[{"taxonomy":"product_cat","embeddable":true,"href":"https:\/\/ramrolf.lv\/ru\/wp-json\/wp\/v2\/product_cat?post=52987"},{"taxonomy":"product_tag","embeddable":true,"href":"https:\/\/ramrolf.lv\/ru\/wp-json\/wp\/v2\/product_tag?post=52987"}],"curies":[{"name":"wp","href":"https:\/\/api.w.org\/{rel}","templated":true}]}}