{"id":52989,"date":"2019-09-04T19:21:29","date_gmt":"2019-09-04T16:21:29","guid":{"rendered":"https:\/\/ramrolf.eu\/lv\/product\/import-placeholder-for-49946\/"},"modified":"2019-09-05T11:56:14","modified_gmt":"2019-09-05T08:56:14","slug":"lvkartridzs-lexmark-c950x2kg-black-c950de-24000k","status":"publish","type":"product","link":"https:\/\/ramrolf.lv\/ru\/product\/lvkartridzs-lexmark-c950x2kg-black-c950de-24000k\/","title":{"rendered":"K\u0101rtrid\u017es Lexmark C950X2KG Black  C950de (24000k)"},"content":{"rendered":"<p>K\u0101rtrid\u017es Lexmark C950X2KG Black  C950de (24000k)<\/p>\n","protected":false},"excerpt":{"rendered":"<p>K\u0101rtrid\u017es Lexmark C950X2KG Black C950de (24000k)<\/p>\n","protected":false},"featured_media":0,"template":"","meta":[],"product_cat":[291,289],"product_tag":[],"_links":{"self":[{"href":"https:\/\/ramrolf.lv\/ru\/wp-json\/wp\/v2\/product\/52989"}],"collection":[{"href":"https:\/\/ramrolf.lv\/ru\/wp-json\/wp\/v2\/product"}],"about":[{"href":"https:\/\/ramrolf.lv\/ru\/wp-json\/wp\/v2\/types\/product"}],"wp:attachment":[{"href":"https:\/\/ramrolf.lv\/ru\/wp-json\/wp\/v2\/media?parent=52989"}],"wp:term":[{"taxonomy":"product_cat","embeddable":true,"href":"https:\/\/ramrolf.lv\/ru\/wp-json\/wp\/v2\/product_cat?post=52989"},{"taxonomy":"product_tag","embeddable":true,"href":"https:\/\/ramrolf.lv\/ru\/wp-json\/wp\/v2\/product_tag?post=52989"}],"curies":[{"name":"wp","href":"https:\/\/api.w.org\/{rel}","templated":true}]}}