{"id":53022,"date":"2019-09-04T19:22:48","date_gmt":"2019-09-04T16:22:48","guid":{"rendered":"https:\/\/ramrolf.eu\/lv\/product\/import-placeholder-for-49975\/"},"modified":"2019-09-05T11:52:30","modified_gmt":"2019-09-05T08:52:30","slug":"lvkartridzs-nv-013r00625-workcentre-31193000","status":"publish","type":"product","link":"https:\/\/ramrolf.lv\/ru\/product\/lvkartridzs-nv-013r00625-workcentre-31193000\/","title":{"rendered":"K\u0101rtrid\u017es NV-013R00625   WorkCentre 3119(3000)"},"content":{"rendered":"<p>K\u0101rtrid\u017es NV-013R00625   WorkCentre 3119(3000)<\/p>\n","protected":false},"excerpt":{"rendered":"<p>K\u0101rtrid\u017es NV-013R00625 WorkCentre 3119(3000)<\/p>\n","protected":false},"featured_media":53077,"template":"","meta":[],"product_cat":[291],"product_tag":[],"_links":{"self":[{"href":"https:\/\/ramrolf.lv\/ru\/wp-json\/wp\/v2\/product\/53022"}],"collection":[{"href":"https:\/\/ramrolf.lv\/ru\/wp-json\/wp\/v2\/product"}],"about":[{"href":"https:\/\/ramrolf.lv\/ru\/wp-json\/wp\/v2\/types\/product"}],"wp:featuredmedia":[{"embeddable":true,"href":"https:\/\/ramrolf.lv\/ru\/wp-json\/wp\/v2\/media\/53077"}],"wp:attachment":[{"href":"https:\/\/ramrolf.lv\/ru\/wp-json\/wp\/v2\/media?parent=53022"}],"wp:term":[{"taxonomy":"product_cat","embeddable":true,"href":"https:\/\/ramrolf.lv\/ru\/wp-json\/wp\/v2\/product_cat?post=53022"},{"taxonomy":"product_tag","embeddable":true,"href":"https:\/\/ramrolf.lv\/ru\/wp-json\/wp\/v2\/product_tag?post=53022"}],"curies":[{"name":"wp","href":"https:\/\/api.w.org\/{rel}","templated":true}]}}