{"id":53069,"date":"2019-09-04T19:26:34","date_gmt":"2019-09-04T16:26:34","guid":{"rendered":"https:\/\/ramrolf.eu\/lv\/product\/import-placeholder-for-49999\/"},"modified":"2019-09-05T11:50:56","modified_gmt":"2019-09-05T08:50:56","slug":"lvkartridzs-nv-101r00555-du-workcentre-3335-334-aadaaai30000","status":"publish","type":"product","link":"https:\/\/ramrolf.lv\/ru\/product\/lvkartridzs-nv-101r00555-du-workcentre-3335-334-aadaaai30000\/","title":{"rendered":"K\u0101rtrid\u017es NV-101R00555 DU  WorkCentre 3335\/334 \u00e1\u00e0\u00f0\u00e0\u00e1\u00e0\u00ed(30000)"},"content":{"rendered":"<p>K\u0101rtrid\u017es NV-101R00555 DU  WorkCentre 3335\/334 \u00e1\u00e0\u00f0\u00e0\u00e1\u00e0\u00ed(30000)<\/p>\n","protected":false},"excerpt":{"rendered":"<p>K\u0101rtrid\u017es NV-101R00555 DU WorkCentre 3335\/334 \u00e1\u00e0\u00f0\u00e0\u00e1\u00e0\u00ed(30000)<\/p>\n","protected":false},"featured_media":53119,"template":"","meta":[],"product_cat":[291],"product_tag":[],"_links":{"self":[{"href":"https:\/\/ramrolf.lv\/ru\/wp-json\/wp\/v2\/product\/53069"}],"collection":[{"href":"https:\/\/ramrolf.lv\/ru\/wp-json\/wp\/v2\/product"}],"about":[{"href":"https:\/\/ramrolf.lv\/ru\/wp-json\/wp\/v2\/types\/product"}],"wp:featuredmedia":[{"embeddable":true,"href":"https:\/\/ramrolf.lv\/ru\/wp-json\/wp\/v2\/media\/53119"}],"wp:attachment":[{"href":"https:\/\/ramrolf.lv\/ru\/wp-json\/wp\/v2\/media?parent=53069"}],"wp:term":[{"taxonomy":"product_cat","embeddable":true,"href":"https:\/\/ramrolf.lv\/ru\/wp-json\/wp\/v2\/product_cat?post=53069"},{"taxonomy":"product_tag","embeddable":true,"href":"https:\/\/ramrolf.lv\/ru\/wp-json\/wp\/v2\/product_tag?post=53069"}],"curies":[{"name":"wp","href":"https:\/\/api.w.org\/{rel}","templated":true}]}}