{"id":53091,"date":"2019-09-04T19:28:32","date_gmt":"2019-09-04T16:28:32","guid":{"rendered":"https:\/\/ramrolf.eu\/lv\/product\/import-placeholder-for-50011\/"},"modified":"2019-09-05T11:50:09","modified_gmt":"2019-09-05T08:50:09","slug":"lvkartridzs-nv-106r01218-cyan-phaser-636012000","status":"publish","type":"product","link":"https:\/\/ramrolf.lv\/ru\/product\/lvkartridzs-nv-106r01218-cyan-phaser-636012000\/","title":{"rendered":"K\u0101rtrid\u017es NV-106R01218 Cyan  Phaser 6360(12000)"},"content":{"rendered":"<p>K\u0101rtrid\u017es NV-106R01218 Cyan  Phaser 6360(12000)<\/p>\n","protected":false},"excerpt":{"rendered":"<p>K\u0101rtrid\u017es NV-106R01218 Cyan Phaser 6360(12000)<\/p>\n","protected":false},"featured_media":53143,"template":"","meta":[],"product_cat":[291],"product_tag":[],"_links":{"self":[{"href":"https:\/\/ramrolf.lv\/ru\/wp-json\/wp\/v2\/product\/53091"}],"collection":[{"href":"https:\/\/ramrolf.lv\/ru\/wp-json\/wp\/v2\/product"}],"about":[{"href":"https:\/\/ramrolf.lv\/ru\/wp-json\/wp\/v2\/types\/product"}],"wp:featuredmedia":[{"embeddable":true,"href":"https:\/\/ramrolf.lv\/ru\/wp-json\/wp\/v2\/media\/53143"}],"wp:attachment":[{"href":"https:\/\/ramrolf.lv\/ru\/wp-json\/wp\/v2\/media?parent=53091"}],"wp:term":[{"taxonomy":"product_cat","embeddable":true,"href":"https:\/\/ramrolf.lv\/ru\/wp-json\/wp\/v2\/product_cat?post=53091"},{"taxonomy":"product_tag","embeddable":true,"href":"https:\/\/ramrolf.lv\/ru\/wp-json\/wp\/v2\/product_tag?post=53091"}],"curies":[{"name":"wp","href":"https:\/\/api.w.org\/{rel}","templated":true}]}}