{"id":53100,"date":"2019-09-04T19:29:07","date_gmt":"2019-09-04T16:29:07","guid":{"rendered":"https:\/\/ramrolf.eu\/lv\/product\/import-placeholder-for-50017\/"},"modified":"2019-09-05T11:50:05","modified_gmt":"2019-09-05T08:50:05","slug":"lvkartridzs-nv-106r01284-yellow-xerox-phaser-6130-1900k","status":"publish","type":"product","link":"https:\/\/ramrolf.lv\/ru\/product\/lvkartridzs-nv-106r01284-yellow-xerox-phaser-6130-1900k\/","title":{"rendered":"K\u0101rtrid\u017es NV-106R01284 Yellow  Xerox Phaser 6130 (1900k)"},"content":{"rendered":"<p>K\u0101rtrid\u017es NV-106R01284 Yellow  Xerox Phaser 6130 (1900k)<\/p>\n","protected":false},"excerpt":{"rendered":"<p>K\u0101rtrid\u017es NV-106R01284 Yellow Xerox Phaser 6130 (1900k)<\/p>\n","protected":false},"featured_media":53155,"template":"","meta":[],"product_cat":[291],"product_tag":[],"_links":{"self":[{"href":"https:\/\/ramrolf.lv\/ru\/wp-json\/wp\/v2\/product\/53100"}],"collection":[{"href":"https:\/\/ramrolf.lv\/ru\/wp-json\/wp\/v2\/product"}],"about":[{"href":"https:\/\/ramrolf.lv\/ru\/wp-json\/wp\/v2\/types\/product"}],"wp:featuredmedia":[{"embeddable":true,"href":"https:\/\/ramrolf.lv\/ru\/wp-json\/wp\/v2\/media\/53155"}],"wp:attachment":[{"href":"https:\/\/ramrolf.lv\/ru\/wp-json\/wp\/v2\/media?parent=53100"}],"wp:term":[{"taxonomy":"product_cat","embeddable":true,"href":"https:\/\/ramrolf.lv\/ru\/wp-json\/wp\/v2\/product_cat?post=53100"},{"taxonomy":"product_tag","embeddable":true,"href":"https:\/\/ramrolf.lv\/ru\/wp-json\/wp\/v2\/product_tag?post=53100"}],"curies":[{"name":"wp","href":"https:\/\/api.w.org\/{rel}","templated":true}]}}