{"id":53109,"date":"2019-09-04T19:30:01","date_gmt":"2019-09-04T16:30:01","guid":{"rendered":"https:\/\/ramrolf.eu\/lv\/product\/import-placeholder-for-50021\/"},"modified":"2019-09-05T11:50:01","modified_gmt":"2019-09-05T08:50:01","slug":"lvkartridzs-nv-106r01338-black-phaser-61252000","status":"publish","type":"product","link":"https:\/\/ramrolf.lv\/ru\/product\/lvkartridzs-nv-106r01338-black-phaser-61252000\/","title":{"rendered":"K\u0101rtrid\u017es NV-106R01338 Black   Phaser 6125(2000)"},"content":{"rendered":"<p>K\u0101rtrid\u017es NV-106R01338 Black   Phaser 6125(2000)<\/p>\n","protected":false},"excerpt":{"rendered":"<p>K\u0101rtrid\u017es NV-106R01338 Black Phaser 6125(2000)<\/p>\n","protected":false},"featured_media":53162,"template":"","meta":[],"product_cat":[291],"product_tag":[],"_links":{"self":[{"href":"https:\/\/ramrolf.lv\/ru\/wp-json\/wp\/v2\/product\/53109"}],"collection":[{"href":"https:\/\/ramrolf.lv\/ru\/wp-json\/wp\/v2\/product"}],"about":[{"href":"https:\/\/ramrolf.lv\/ru\/wp-json\/wp\/v2\/types\/product"}],"wp:featuredmedia":[{"embeddable":true,"href":"https:\/\/ramrolf.lv\/ru\/wp-json\/wp\/v2\/media\/53162"}],"wp:attachment":[{"href":"https:\/\/ramrolf.lv\/ru\/wp-json\/wp\/v2\/media?parent=53109"}],"wp:term":[{"taxonomy":"product_cat","embeddable":true,"href":"https:\/\/ramrolf.lv\/ru\/wp-json\/wp\/v2\/product_cat?post=53109"},{"taxonomy":"product_tag","embeddable":true,"href":"https:\/\/ramrolf.lv\/ru\/wp-json\/wp\/v2\/product_tag?post=53109"}],"curies":[{"name":"wp","href":"https:\/\/api.w.org\/{rel}","templated":true}]}}