{"id":53114,"date":"2019-09-04T19:30:31","date_gmt":"2019-09-04T16:30:31","guid":{"rendered":"https:\/\/ramrolf.eu\/lv\/product\/import-placeholder-for-50024\/"},"modified":"2019-09-05T11:49:58","modified_gmt":"2019-09-05T08:49:58","slug":"lvkartridzs-nv-106r01374-phaser-32505000","status":"publish","type":"product","link":"https:\/\/ramrolf.lv\/ru\/product\/lvkartridzs-nv-106r01374-phaser-32505000\/","title":{"rendered":"K\u0101rtrid\u017es NV-106R01374   Phaser 3250(5000)"},"content":{"rendered":"<p>K\u0101rtrid\u017es NV-106R01374   Phaser 3250(5000)<\/p>\n","protected":false},"excerpt":{"rendered":"<p>K\u0101rtrid\u017es NV-106R01374 Phaser 3250(5000)<\/p>\n","protected":false},"featured_media":53168,"template":"","meta":[],"product_cat":[291],"product_tag":[],"_links":{"self":[{"href":"https:\/\/ramrolf.lv\/ru\/wp-json\/wp\/v2\/product\/53114"}],"collection":[{"href":"https:\/\/ramrolf.lv\/ru\/wp-json\/wp\/v2\/product"}],"about":[{"href":"https:\/\/ramrolf.lv\/ru\/wp-json\/wp\/v2\/types\/product"}],"wp:featuredmedia":[{"embeddable":true,"href":"https:\/\/ramrolf.lv\/ru\/wp-json\/wp\/v2\/media\/53168"}],"wp:attachment":[{"href":"https:\/\/ramrolf.lv\/ru\/wp-json\/wp\/v2\/media?parent=53114"}],"wp:term":[{"taxonomy":"product_cat","embeddable":true,"href":"https:\/\/ramrolf.lv\/ru\/wp-json\/wp\/v2\/product_cat?post=53114"},{"taxonomy":"product_tag","embeddable":true,"href":"https:\/\/ramrolf.lv\/ru\/wp-json\/wp\/v2\/product_tag?post=53114"}],"curies":[{"name":"wp","href":"https:\/\/api.w.org\/{rel}","templated":true}]}}