{"id":53115,"date":"2019-09-04T19:30:32","date_gmt":"2019-09-04T16:30:32","guid":{"rendered":"https:\/\/ramrolf.eu\/lv\/product\/import-placeholder-for-50025\/"},"modified":"2019-09-04T19:35:40","modified_gmt":"2019-09-04T16:35:40","slug":"lvkartridzs-nv-106r01379-phaser-31004000","status":"publish","type":"product","link":"https:\/\/ramrolf.lv\/ru\/product\/lvkartridzs-nv-106r01379-phaser-31004000\/","title":{"rendered":"K\u0101rtrid\u017es NV-106R01379   Phaser 3100(4000)"},"content":{"rendered":"<p>K\u0101rtrid\u017es NV-106R01379   Phaser 3100(4000)<\/p>\n","protected":false},"excerpt":{"rendered":"<p>K\u0101rtrid\u017es NV-106R01379 Phaser 3100(4000)<\/p>\n","protected":false},"featured_media":53169,"template":"","meta":[],"product_cat":[],"product_tag":[],"_links":{"self":[{"href":"https:\/\/ramrolf.lv\/ru\/wp-json\/wp\/v2\/product\/53115"}],"collection":[{"href":"https:\/\/ramrolf.lv\/ru\/wp-json\/wp\/v2\/product"}],"about":[{"href":"https:\/\/ramrolf.lv\/ru\/wp-json\/wp\/v2\/types\/product"}],"wp:featuredmedia":[{"embeddable":true,"href":"https:\/\/ramrolf.lv\/ru\/wp-json\/wp\/v2\/media\/53169"}],"wp:attachment":[{"href":"https:\/\/ramrolf.lv\/ru\/wp-json\/wp\/v2\/media?parent=53115"}],"wp:term":[{"taxonomy":"product_cat","embeddable":true,"href":"https:\/\/ramrolf.lv\/ru\/wp-json\/wp\/v2\/product_cat?post=53115"},{"taxonomy":"product_tag","embeddable":true,"href":"https:\/\/ramrolf.lv\/ru\/wp-json\/wp\/v2\/product_tag?post=53115"}],"curies":[{"name":"wp","href":"https:\/\/api.w.org\/{rel}","templated":true}]}}