{"id":53121,"date":"2019-09-04T19:31:02","date_gmt":"2019-09-04T16:31:02","guid":{"rendered":"https:\/\/ramrolf.eu\/lv\/product\/import-placeholder-for-50029\/"},"modified":"2019-09-05T11:48:16","modified_gmt":"2019-09-05T08:48:16","slug":"lvkartridzs-nv-106r01403-black-phaser-62807000","status":"publish","type":"product","link":"https:\/\/ramrolf.lv\/ru\/product\/lvkartridzs-nv-106r01403-black-phaser-62807000\/","title":{"rendered":"K\u0101rtrid\u017es NV-106R01403 Black  Phaser 6280(7000)"},"content":{"rendered":"<p>K\u0101rtrid\u017es NV-106R01403 Black  Phaser 6280(7000)<\/p>\n","protected":false},"excerpt":{"rendered":"<p>K\u0101rtrid\u017es NV-106R01403 Black Phaser 6280(7000)<\/p>\n","protected":false},"featured_media":53179,"template":"","meta":[],"product_cat":[291],"product_tag":[],"_links":{"self":[{"href":"https:\/\/ramrolf.lv\/ru\/wp-json\/wp\/v2\/product\/53121"}],"collection":[{"href":"https:\/\/ramrolf.lv\/ru\/wp-json\/wp\/v2\/product"}],"about":[{"href":"https:\/\/ramrolf.lv\/ru\/wp-json\/wp\/v2\/types\/product"}],"wp:featuredmedia":[{"embeddable":true,"href":"https:\/\/ramrolf.lv\/ru\/wp-json\/wp\/v2\/media\/53179"}],"wp:attachment":[{"href":"https:\/\/ramrolf.lv\/ru\/wp-json\/wp\/v2\/media?parent=53121"}],"wp:term":[{"taxonomy":"product_cat","embeddable":true,"href":"https:\/\/ramrolf.lv\/ru\/wp-json\/wp\/v2\/product_cat?post=53121"},{"taxonomy":"product_tag","embeddable":true,"href":"https:\/\/ramrolf.lv\/ru\/wp-json\/wp\/v2\/product_tag?post=53121"}],"curies":[{"name":"wp","href":"https:\/\/api.w.org\/{rel}","templated":true}]}}