{"id":53130,"date":"2019-09-04T19:32:09","date_gmt":"2019-09-04T16:32:09","guid":{"rendered":"https:\/\/ramrolf.eu\/lv\/product\/import-placeholder-for-50033\/"},"modified":"2019-09-05T11:48:12","modified_gmt":"2019-09-05T08:48:12","slug":"lvkartridzs-nv-106r01414-phaser-34354000","status":"publish","type":"product","link":"https:\/\/ramrolf.lv\/ru\/product\/lvkartridzs-nv-106r01414-phaser-34354000\/","title":{"rendered":"K\u0101rtrid\u017es NV-106R01414   Phaser 3435(4000)"},"content":{"rendered":"<p>K\u0101rtrid\u017es NV-106R01414   Phaser 3435(4000)<\/p>\n","protected":false},"excerpt":{"rendered":"<p>K\u0101rtrid\u017es NV-106R01414 Phaser 3435(4000)<\/p>\n","protected":false},"featured_media":53186,"template":"","meta":[],"product_cat":[291],"product_tag":[],"_links":{"self":[{"href":"https:\/\/ramrolf.lv\/ru\/wp-json\/wp\/v2\/product\/53130"}],"collection":[{"href":"https:\/\/ramrolf.lv\/ru\/wp-json\/wp\/v2\/product"}],"about":[{"href":"https:\/\/ramrolf.lv\/ru\/wp-json\/wp\/v2\/types\/product"}],"wp:featuredmedia":[{"embeddable":true,"href":"https:\/\/ramrolf.lv\/ru\/wp-json\/wp\/v2\/media\/53186"}],"wp:attachment":[{"href":"https:\/\/ramrolf.lv\/ru\/wp-json\/wp\/v2\/media?parent=53130"}],"wp:term":[{"taxonomy":"product_cat","embeddable":true,"href":"https:\/\/ramrolf.lv\/ru\/wp-json\/wp\/v2\/product_cat?post=53130"},{"taxonomy":"product_tag","embeddable":true,"href":"https:\/\/ramrolf.lv\/ru\/wp-json\/wp\/v2\/product_tag?post=53130"}],"curies":[{"name":"wp","href":"https:\/\/api.w.org\/{rel}","templated":true}]}}