{"id":53132,"date":"2019-09-04T19:32:10","date_gmt":"2019-09-04T16:32:10","guid":{"rendered":"https:\/\/ramrolf.eu\/lv\/product\/import-placeholder-for-50035\/"},"modified":"2019-09-05T11:48:09","modified_gmt":"2019-09-05T08:48:09","slug":"lvkartridzs-nv-106r01443-cyan-phaser-750017800","status":"publish","type":"product","link":"https:\/\/ramrolf.lv\/ru\/product\/lvkartridzs-nv-106r01443-cyan-phaser-750017800\/","title":{"rendered":"K\u0101rtrid\u017es NV-106R01443 Cyan   Phaser 7500(17800)"},"content":{"rendered":"<p>K\u0101rtrid\u017es NV-106R01443 Cyan   Phaser 7500(17800)<\/p>\n","protected":false},"excerpt":{"rendered":"<p>K\u0101rtrid\u017es NV-106R01443 Cyan Phaser 7500(17800)<\/p>\n","protected":false},"featured_media":53191,"template":"","meta":[],"product_cat":[291],"product_tag":[],"_links":{"self":[{"href":"https:\/\/ramrolf.lv\/ru\/wp-json\/wp\/v2\/product\/53132"}],"collection":[{"href":"https:\/\/ramrolf.lv\/ru\/wp-json\/wp\/v2\/product"}],"about":[{"href":"https:\/\/ramrolf.lv\/ru\/wp-json\/wp\/v2\/types\/product"}],"wp:featuredmedia":[{"embeddable":true,"href":"https:\/\/ramrolf.lv\/ru\/wp-json\/wp\/v2\/media\/53191"}],"wp:attachment":[{"href":"https:\/\/ramrolf.lv\/ru\/wp-json\/wp\/v2\/media?parent=53132"}],"wp:term":[{"taxonomy":"product_cat","embeddable":true,"href":"https:\/\/ramrolf.lv\/ru\/wp-json\/wp\/v2\/product_cat?post=53132"},{"taxonomy":"product_tag","embeddable":true,"href":"https:\/\/ramrolf.lv\/ru\/wp-json\/wp\/v2\/product_tag?post=53132"}],"curies":[{"name":"wp","href":"https:\/\/api.w.org\/{rel}","templated":true}]}}