{"id":53146,"date":"2019-09-04T19:33:44","date_gmt":"2019-09-04T16:33:44","guid":{"rendered":"https:\/\/ramrolf.eu\/lv\/product\/import-placeholder-for-50041\/"},"modified":"2019-09-05T11:47:42","modified_gmt":"2019-09-05T08:47:42","slug":"lvkartridzs-nv-106r01512-magenta-phaser-67005000","status":"publish","type":"product","link":"https:\/\/ramrolf.lv\/ru\/product\/lvkartridzs-nv-106r01512-magenta-phaser-67005000\/","title":{"rendered":"K\u0101rtrid\u017es NV-106R01512 Magenta  Phaser 6700(5000)"},"content":{"rendered":"<p>K\u0101rtrid\u017es NV-106R01512 Magenta  Phaser 6700(5000)<\/p>\n","protected":false},"excerpt":{"rendered":"<p>K\u0101rtrid\u017es NV-106R01512 Magenta Phaser 6700(5000)<\/p>\n","protected":false},"featured_media":53203,"template":"","meta":[],"product_cat":[291],"product_tag":[],"_links":{"self":[{"href":"https:\/\/ramrolf.lv\/ru\/wp-json\/wp\/v2\/product\/53146"}],"collection":[{"href":"https:\/\/ramrolf.lv\/ru\/wp-json\/wp\/v2\/product"}],"about":[{"href":"https:\/\/ramrolf.lv\/ru\/wp-json\/wp\/v2\/types\/product"}],"wp:featuredmedia":[{"embeddable":true,"href":"https:\/\/ramrolf.lv\/ru\/wp-json\/wp\/v2\/media\/53203"}],"wp:attachment":[{"href":"https:\/\/ramrolf.lv\/ru\/wp-json\/wp\/v2\/media?parent=53146"}],"wp:term":[{"taxonomy":"product_cat","embeddable":true,"href":"https:\/\/ramrolf.lv\/ru\/wp-json\/wp\/v2\/product_cat?post=53146"},{"taxonomy":"product_tag","embeddable":true,"href":"https:\/\/ramrolf.lv\/ru\/wp-json\/wp\/v2\/product_tag?post=53146"}],"curies":[{"name":"wp","href":"https:\/\/api.w.org\/{rel}","templated":true}]}}