{"id":53152,"date":"2019-09-04T19:34:13","date_gmt":"2019-09-04T16:34:13","guid":{"rendered":"https:\/\/ramrolf.eu\/lv\/product\/import-placeholder-for-50044\/"},"modified":"2019-09-05T11:47:33","modified_gmt":"2019-09-05T08:47:33","slug":"lvkartridzs-nv-106r01523-cyan-phaser-670012000","status":"publish","type":"product","link":"https:\/\/ramrolf.lv\/ru\/product\/lvkartridzs-nv-106r01523-cyan-phaser-670012000\/","title":{"rendered":"K\u0101rtrid\u017es NV-106R01523 Cyan   Phaser 6700(12000)"},"content":{"rendered":"<p>K\u0101rtrid\u017es NV-106R01523 Cyan   Phaser 6700(12000)<\/p>\n","protected":false},"excerpt":{"rendered":"<p>K\u0101rtrid\u017es NV-106R01523 Cyan Phaser 6700(12000)<\/p>\n","protected":false},"featured_media":53209,"template":"","meta":[],"product_cat":[291],"product_tag":[],"_links":{"self":[{"href":"https:\/\/ramrolf.lv\/ru\/wp-json\/wp\/v2\/product\/53152"}],"collection":[{"href":"https:\/\/ramrolf.lv\/ru\/wp-json\/wp\/v2\/product"}],"about":[{"href":"https:\/\/ramrolf.lv\/ru\/wp-json\/wp\/v2\/types\/product"}],"wp:featuredmedia":[{"embeddable":true,"href":"https:\/\/ramrolf.lv\/ru\/wp-json\/wp\/v2\/media\/53209"}],"wp:attachment":[{"href":"https:\/\/ramrolf.lv\/ru\/wp-json\/wp\/v2\/media?parent=53152"}],"wp:term":[{"taxonomy":"product_cat","embeddable":true,"href":"https:\/\/ramrolf.lv\/ru\/wp-json\/wp\/v2\/product_cat?post=53152"},{"taxonomy":"product_tag","embeddable":true,"href":"https:\/\/ramrolf.lv\/ru\/wp-json\/wp\/v2\/product_tag?post=53152"}],"curies":[{"name":"wp","href":"https:\/\/api.w.org\/{rel}","templated":true}]}}