{"id":53153,"date":"2019-09-04T19:34:14","date_gmt":"2019-09-04T16:34:14","guid":{"rendered":"https:\/\/ramrolf.eu\/lv\/product\/import-placeholder-for-50045\/"},"modified":"2019-09-05T11:46:06","modified_gmt":"2019-09-05T08:46:06","slug":"lvkartridzs-nv-106r01524-magenta-phaser-670012000","status":"publish","type":"product","link":"https:\/\/ramrolf.lv\/ru\/product\/lvkartridzs-nv-106r01524-magenta-phaser-670012000\/","title":{"rendered":"K\u0101rtrid\u017es NV-106R01524 Magenta  Phaser 6700(12000)"},"content":{"rendered":"<p>K\u0101rtrid\u017es NV-106R01524 Magenta  Phaser 6700(12000)<\/p>\n","protected":false},"excerpt":{"rendered":"<p>K\u0101rtrid\u017es NV-106R01524 Magenta Phaser 6700(12000)<\/p>\n","protected":false},"featured_media":53210,"template":"","meta":[],"product_cat":[291],"product_tag":[],"_links":{"self":[{"href":"https:\/\/ramrolf.lv\/ru\/wp-json\/wp\/v2\/product\/53153"}],"collection":[{"href":"https:\/\/ramrolf.lv\/ru\/wp-json\/wp\/v2\/product"}],"about":[{"href":"https:\/\/ramrolf.lv\/ru\/wp-json\/wp\/v2\/types\/product"}],"wp:featuredmedia":[{"embeddable":true,"href":"https:\/\/ramrolf.lv\/ru\/wp-json\/wp\/v2\/media\/53210"}],"wp:attachment":[{"href":"https:\/\/ramrolf.lv\/ru\/wp-json\/wp\/v2\/media?parent=53153"}],"wp:term":[{"taxonomy":"product_cat","embeddable":true,"href":"https:\/\/ramrolf.lv\/ru\/wp-json\/wp\/v2\/product_cat?post=53153"},{"taxonomy":"product_tag","embeddable":true,"href":"https:\/\/ramrolf.lv\/ru\/wp-json\/wp\/v2\/product_tag?post=53153"}],"curies":[{"name":"wp","href":"https:\/\/api.w.org\/{rel}","templated":true}]}}