{"id":53158,"date":"2019-09-04T19:34:44","date_gmt":"2019-09-04T16:34:44","guid":{"rendered":"https:\/\/ramrolf.eu\/lv\/product\/import-placeholder-for-50047\/"},"modified":"2019-09-05T11:46:05","modified_gmt":"2019-09-05T08:46:05","slug":"lvkartridzs-nv-106r01526-black-phaser-670018000","status":"publish","type":"product","link":"https:\/\/ramrolf.lv\/ru\/product\/lvkartridzs-nv-106r01526-black-phaser-670018000\/","title":{"rendered":"K\u0101rtrid\u017es NV-106R01526 Black  Phaser 6700(18000)"},"content":{"rendered":"<p>K\u0101rtrid\u017es NV-106R01526 Black  Phaser 6700(18000)<\/p>\n","protected":false},"excerpt":{"rendered":"<p>K\u0101rtrid\u017es NV-106R01526 Black Phaser 6700(18000)<\/p>\n","protected":false},"featured_media":53215,"template":"","meta":[],"product_cat":[291],"product_tag":[],"_links":{"self":[{"href":"https:\/\/ramrolf.lv\/ru\/wp-json\/wp\/v2\/product\/53158"}],"collection":[{"href":"https:\/\/ramrolf.lv\/ru\/wp-json\/wp\/v2\/product"}],"about":[{"href":"https:\/\/ramrolf.lv\/ru\/wp-json\/wp\/v2\/types\/product"}],"wp:featuredmedia":[{"embeddable":true,"href":"https:\/\/ramrolf.lv\/ru\/wp-json\/wp\/v2\/media\/53215"}],"wp:attachment":[{"href":"https:\/\/ramrolf.lv\/ru\/wp-json\/wp\/v2\/media?parent=53158"}],"wp:term":[{"taxonomy":"product_cat","embeddable":true,"href":"https:\/\/ramrolf.lv\/ru\/wp-json\/wp\/v2\/product_cat?post=53158"},{"taxonomy":"product_tag","embeddable":true,"href":"https:\/\/ramrolf.lv\/ru\/wp-json\/wp\/v2\/product_tag?post=53158"}],"curies":[{"name":"wp","href":"https:\/\/api.w.org\/{rel}","templated":true}]}}