{"id":53171,"date":"2019-09-04T19:35:45","date_gmt":"2019-09-04T16:35:45","guid":{"rendered":"https:\/\/ramrolf.eu\/lv\/product\/import-placeholder-for-50054\/"},"modified":"2019-09-05T11:45:57","modified_gmt":"2019-09-05T08:45:57","slug":"lvkartridzs-nv-106r01573-black-phaser-780024000","status":"publish","type":"product","link":"https:\/\/ramrolf.lv\/ru\/product\/lvkartridzs-nv-106r01573-black-phaser-780024000\/","title":{"rendered":"K\u0101rtrid\u017es NV-106R01573 Black  Phaser 7800(24000)"},"content":{"rendered":"<p>K\u0101rtrid\u017es NV-106R01573 Black  Phaser 7800(24000)<\/p>\n","protected":false},"excerpt":{"rendered":"<p>K\u0101rtrid\u017es NV-106R01573 Black Phaser 7800(24000)<\/p>\n","protected":false},"featured_media":53228,"template":"","meta":[],"product_cat":[291],"product_tag":[],"_links":{"self":[{"href":"https:\/\/ramrolf.lv\/ru\/wp-json\/wp\/v2\/product\/53171"}],"collection":[{"href":"https:\/\/ramrolf.lv\/ru\/wp-json\/wp\/v2\/product"}],"about":[{"href":"https:\/\/ramrolf.lv\/ru\/wp-json\/wp\/v2\/types\/product"}],"wp:featuredmedia":[{"embeddable":true,"href":"https:\/\/ramrolf.lv\/ru\/wp-json\/wp\/v2\/media\/53228"}],"wp:attachment":[{"href":"https:\/\/ramrolf.lv\/ru\/wp-json\/wp\/v2\/media?parent=53171"}],"wp:term":[{"taxonomy":"product_cat","embeddable":true,"href":"https:\/\/ramrolf.lv\/ru\/wp-json\/wp\/v2\/product_cat?post=53171"},{"taxonomy":"product_tag","embeddable":true,"href":"https:\/\/ramrolf.lv\/ru\/wp-json\/wp\/v2\/product_tag?post=53171"}],"curies":[{"name":"wp","href":"https:\/\/api.w.org\/{rel}","templated":true}]}}