{"id":53201,"date":"2019-09-04T19:38:14","date_gmt":"2019-09-04T16:38:14","guid":{"rendered":"https:\/\/ramrolf.eu\/lv\/product\/import-placeholder-for-50069\/"},"modified":"2019-09-05T11:45:00","modified_gmt":"2019-09-05T08:45:00","slug":"lvkartridzs-nv-106r02306-3320dni11000","status":"publish","type":"product","link":"https:\/\/ramrolf.lv\/ru\/product\/lvkartridzs-nv-106r02306-3320dni11000\/","title":{"rendered":"K\u0101rtrid\u017es NV-106R02306   3320DNI(11000)"},"content":{"rendered":"<p>K\u0101rtrid\u017es NV-106R02306   3320DNI(11000)<\/p>\n","protected":false},"excerpt":{"rendered":"<p>K\u0101rtrid\u017es NV-106R02306 3320DNI(11000)<\/p>\n","protected":false},"featured_media":53258,"template":"","meta":[],"product_cat":[291],"product_tag":[],"_links":{"self":[{"href":"https:\/\/ramrolf.lv\/ru\/wp-json\/wp\/v2\/product\/53201"}],"collection":[{"href":"https:\/\/ramrolf.lv\/ru\/wp-json\/wp\/v2\/product"}],"about":[{"href":"https:\/\/ramrolf.lv\/ru\/wp-json\/wp\/v2\/types\/product"}],"wp:featuredmedia":[{"embeddable":true,"href":"https:\/\/ramrolf.lv\/ru\/wp-json\/wp\/v2\/media\/53258"}],"wp:attachment":[{"href":"https:\/\/ramrolf.lv\/ru\/wp-json\/wp\/v2\/media?parent=53201"}],"wp:term":[{"taxonomy":"product_cat","embeddable":true,"href":"https:\/\/ramrolf.lv\/ru\/wp-json\/wp\/v2\/product_cat?post=53201"},{"taxonomy":"product_tag","embeddable":true,"href":"https:\/\/ramrolf.lv\/ru\/wp-json\/wp\/v2\/product_tag?post=53201"}],"curies":[{"name":"wp","href":"https:\/\/api.w.org\/{rel}","templated":true}]}}