{"id":53272,"date":"2019-09-04T19:44:23","date_gmt":"2019-09-04T16:44:23","guid":{"rendered":"https:\/\/ramrolf.eu\/lv\/product\/import-placeholder-for-50104\/"},"modified":"2019-09-05T11:43:57","modified_gmt":"2019-09-05T08:43:57","slug":"lvkartridzs-nv-113r00723-cyan-phaser-61806000","status":"publish","type":"product","link":"https:\/\/ramrolf.lv\/ru\/product\/lvkartridzs-nv-113r00723-cyan-phaser-61806000\/","title":{"rendered":"K\u0101rtrid\u017es NV-113R00723 Cyan   Phaser 6180(6000)"},"content":{"rendered":"<p>K\u0101rtrid\u017es NV-113R00723 Cyan   Phaser 6180(6000)<\/p>\n","protected":false},"excerpt":{"rendered":"<p>K\u0101rtrid\u017es NV-113R00723 Cyan Phaser 6180(6000)<\/p>\n","protected":false},"featured_media":53327,"template":"","meta":[],"product_cat":[291],"product_tag":[],"_links":{"self":[{"href":"https:\/\/ramrolf.lv\/ru\/wp-json\/wp\/v2\/product\/53272"}],"collection":[{"href":"https:\/\/ramrolf.lv\/ru\/wp-json\/wp\/v2\/product"}],"about":[{"href":"https:\/\/ramrolf.lv\/ru\/wp-json\/wp\/v2\/types\/product"}],"wp:featuredmedia":[{"embeddable":true,"href":"https:\/\/ramrolf.lv\/ru\/wp-json\/wp\/v2\/media\/53327"}],"wp:attachment":[{"href":"https:\/\/ramrolf.lv\/ru\/wp-json\/wp\/v2\/media?parent=53272"}],"wp:term":[{"taxonomy":"product_cat","embeddable":true,"href":"https:\/\/ramrolf.lv\/ru\/wp-json\/wp\/v2\/product_cat?post=53272"},{"taxonomy":"product_tag","embeddable":true,"href":"https:\/\/ramrolf.lv\/ru\/wp-json\/wp\/v2\/product_tag?post=53272"}],"curies":[{"name":"wp","href":"https:\/\/api.w.org\/{rel}","templated":true}]}}