{"id":53278,"date":"2019-09-04T19:44:51","date_gmt":"2019-09-04T16:44:51","guid":{"rendered":"https:\/\/ramrolf.eu\/lv\/product\/import-placeholder-for-50107\/"},"modified":"2019-09-05T11:41:48","modified_gmt":"2019-09-05T08:41:48","slug":"lvkartridzs-nv-113r00726-black-phaser-61808000","status":"publish","type":"product","link":"https:\/\/ramrolf.lv\/ru\/product\/lvkartridzs-nv-113r00726-black-phaser-61808000\/","title":{"rendered":"K\u0101rtrid\u017es NV-113R00726 Black   Phaser 6180(8000)"},"content":{"rendered":"<p>K\u0101rtrid\u017es NV-113R00726 Black   Phaser 6180(8000)<\/p>\n","protected":false},"excerpt":{"rendered":"<p>K\u0101rtrid\u017es NV-113R00726 Black Phaser 6180(8000)<\/p>\n","protected":false},"featured_media":53335,"template":"","meta":[],"product_cat":[291],"product_tag":[],"_links":{"self":[{"href":"https:\/\/ramrolf.lv\/ru\/wp-json\/wp\/v2\/product\/53278"}],"collection":[{"href":"https:\/\/ramrolf.lv\/ru\/wp-json\/wp\/v2\/product"}],"about":[{"href":"https:\/\/ramrolf.lv\/ru\/wp-json\/wp\/v2\/types\/product"}],"wp:featuredmedia":[{"embeddable":true,"href":"https:\/\/ramrolf.lv\/ru\/wp-json\/wp\/v2\/media\/53335"}],"wp:attachment":[{"href":"https:\/\/ramrolf.lv\/ru\/wp-json\/wp\/v2\/media?parent=53278"}],"wp:term":[{"taxonomy":"product_cat","embeddable":true,"href":"https:\/\/ramrolf.lv\/ru\/wp-json\/wp\/v2\/product_cat?post=53278"},{"taxonomy":"product_tag","embeddable":true,"href":"https:\/\/ramrolf.lv\/ru\/wp-json\/wp\/v2\/product_tag?post=53278"}],"curies":[{"name":"wp","href":"https:\/\/api.w.org\/{rel}","templated":true}]}}