{"id":53279,"date":"2019-09-04T19:44:52","date_gmt":"2019-09-04T16:44:52","guid":{"rendered":"https:\/\/ramrolf.eu\/lv\/product\/import-placeholder-for-50108\/"},"modified":"2019-09-05T11:41:47","modified_gmt":"2019-09-05T08:41:47","slug":"lvkartridzs-nv-113r00730-phaser-3200mfp3000","status":"publish","type":"product","link":"https:\/\/ramrolf.lv\/ru\/product\/lvkartridzs-nv-113r00730-phaser-3200mfp3000\/","title":{"rendered":"K\u0101rtrid\u017es NV-113R00730   Phaser 3200MFP(3000)"},"content":{"rendered":"<p>K\u0101rtrid\u017es NV-113R00730   Phaser 3200MFP(3000)<\/p>\n","protected":false},"excerpt":{"rendered":"<p>K\u0101rtrid\u017es NV-113R00730 Phaser 3200MFP(3000)<\/p>\n","protected":false},"featured_media":53336,"template":"","meta":[],"product_cat":[291],"product_tag":[],"_links":{"self":[{"href":"https:\/\/ramrolf.lv\/ru\/wp-json\/wp\/v2\/product\/53279"}],"collection":[{"href":"https:\/\/ramrolf.lv\/ru\/wp-json\/wp\/v2\/product"}],"about":[{"href":"https:\/\/ramrolf.lv\/ru\/wp-json\/wp\/v2\/types\/product"}],"wp:featuredmedia":[{"embeddable":true,"href":"https:\/\/ramrolf.lv\/ru\/wp-json\/wp\/v2\/media\/53336"}],"wp:attachment":[{"href":"https:\/\/ramrolf.lv\/ru\/wp-json\/wp\/v2\/media?parent=53279"}],"wp:term":[{"taxonomy":"product_cat","embeddable":true,"href":"https:\/\/ramrolf.lv\/ru\/wp-json\/wp\/v2\/product_cat?post=53279"},{"taxonomy":"product_tag","embeddable":true,"href":"https:\/\/ramrolf.lv\/ru\/wp-json\/wp\/v2\/product_tag?post=53279"}],"curies":[{"name":"wp","href":"https:\/\/api.w.org\/{rel}","templated":true}]}}