{"id":53604,"date":"2019-09-04T20:16:06","date_gmt":"2019-09-04T17:16:06","guid":{"rendered":"https:\/\/ramrolf.eu\/lv\/product\/import-placeholder-for-50280\/"},"modified":"2019-09-25T17:49:45","modified_gmt":"2019-09-25T14:49:45","slug":"lvkartridzs-nv-cf217a-aac-xeia-aac-aadaioee-laserjet-pro-m102-mfp-m1301600","status":"publish","type":"product","link":"https:\/\/ramrolf.lv\/ru\/product\/lvkartridzs-nv-cf217a-aac-xeia-aac-aadaioee-laserjet-pro-m102-mfp-m1301600\/","title":{"rendered":"K\u0101rtrid\u017es NV-CF217A (\u00c1\u00c5\u00c7 \u00d7\u00c8\u00cf\u00c0) (\u00c1\u00c5\u00c7 \u00c3\u00c0\u00d0\u00c0\u00cd\u00d2\u00c8\u00c8)  LaserJet Pro M102\/ MFP M130(1600)"},"content":{"rendered":"<p>K\u0101rtrid\u017es NV-CF217A (\u00c1\u00c5\u00c7 \u00d7\u00c8\u00cf\u00c0) (\u00c1\u00c5\u00c7 \u00c3\u00c0\u00d0\u00c0\u00cd\u00d2\u00c8\u00c8)  LaserJet Pro M102\/ MFP M130(1600)<\/p>\n","protected":false},"excerpt":{"rendered":"<p>K\u0101rtrid\u017es NV-CF217A (\u00c1\u00c5\u00c7 \u00d7\u00c8\u00cf\u00c0) (\u00c1\u00c5\u00c7 \u00c3\u00c0\u00d0\u00c0\u00cd\u00d2\u00c8\u00c8) LaserJet Pro M102\/ MFP M130(1600)<\/p>\n","protected":false},"featured_media":53646,"template":"","meta":[],"product_cat":[1069,291,289],"product_tag":[],"_links":{"self":[{"href":"https:\/\/ramrolf.lv\/ru\/wp-json\/wp\/v2\/product\/53604"}],"collection":[{"href":"https:\/\/ramrolf.lv\/ru\/wp-json\/wp\/v2\/product"}],"about":[{"href":"https:\/\/ramrolf.lv\/ru\/wp-json\/wp\/v2\/types\/product"}],"wp:featuredmedia":[{"embeddable":true,"href":"https:\/\/ramrolf.lv\/ru\/wp-json\/wp\/v2\/media\/53646"}],"wp:attachment":[{"href":"https:\/\/ramrolf.lv\/ru\/wp-json\/wp\/v2\/media?parent=53604"}],"wp:term":[{"taxonomy":"product_cat","embeddable":true,"href":"https:\/\/ramrolf.lv\/ru\/wp-json\/wp\/v2\/product_cat?post=53604"},{"taxonomy":"product_tag","embeddable":true,"href":"https:\/\/ramrolf.lv\/ru\/wp-json\/wp\/v2\/product_tag?post=53604"}],"curies":[{"name":"wp","href":"https:\/\/api.w.org\/{rel}","templated":true}]}}