{"id":53609,"date":"2019-09-04T20:16:34","date_gmt":"2019-09-04T17:16:34","guid":{"rendered":"https:\/\/ramrolf.eu\/lv\/product\/import-placeholder-for-50282\/"},"modified":"2019-09-25T17:49:42","modified_gmt":"2019-09-25T14:49:42","slug":"lvkartridzs-nv-cf218a-aac-xeia-aac-aadaioee-laserjet-pro-m132a-m132fn-m132fw-m132nw-m104a-m104w-1400","status":"publish","type":"product","link":"https:\/\/ramrolf.lv\/ru\/product\/lvkartridzs-nv-cf218a-aac-xeia-aac-aadaioee-laserjet-pro-m132a-m132fn-m132fw-m132nw-m104a-m104w-1400\/","title":{"rendered":"K\u0101rtrid\u017es NV-CF218A (\u00c1\u00c5\u00c7 \u00d7\u00c8\u00cf\u00c0) (\u00c1\u00c5\u00c7 \u00c3\u00c0\u00d0\u00c0\u00cd\u00d2\u00c8\u00c8)  LaserJet Pro M132a\/ M132fn\/ M132fw\/ M132nw\/ M104a\/ M104w (1400)"},"content":{"rendered":"<p>K\u0101rtrid\u017es NV-CF218A (\u00c1\u00c5\u00c7 \u00d7\u00c8\u00cf\u00c0) (\u00c1\u00c5\u00c7 \u00c3\u00c0\u00d0\u00c0\u00cd\u00d2\u00c8\u00c8)  LaserJet Pro M132a\/ M132fn\/ M132fw\/ M132nw\/ M104a\/ M104w (1400)<\/p>\n","protected":false},"excerpt":{"rendered":"<p>K\u0101rtrid\u017es NV-CF218A (\u00c1\u00c5\u00c7 \u00d7\u00c8\u00cf\u00c0) (\u00c1\u00c5\u00c7 \u00c3\u00c0\u00d0\u00c0\u00cd\u00d2\u00c8\u00c8) LaserJet Pro M132a\/ M132fn\/ M132fw\/ M132nw\/ M104a\/ M104w (1400)<\/p>\n","protected":false},"featured_media":0,"template":"","meta":[],"product_cat":[1069,291,289],"product_tag":[],"_links":{"self":[{"href":"https:\/\/ramrolf.lv\/ru\/wp-json\/wp\/v2\/product\/53609"}],"collection":[{"href":"https:\/\/ramrolf.lv\/ru\/wp-json\/wp\/v2\/product"}],"about":[{"href":"https:\/\/ramrolf.lv\/ru\/wp-json\/wp\/v2\/types\/product"}],"wp:attachment":[{"href":"https:\/\/ramrolf.lv\/ru\/wp-json\/wp\/v2\/media?parent=53609"}],"wp:term":[{"taxonomy":"product_cat","embeddable":true,"href":"https:\/\/ramrolf.lv\/ru\/wp-json\/wp\/v2\/product_cat?post=53609"},{"taxonomy":"product_tag","embeddable":true,"href":"https:\/\/ramrolf.lv\/ru\/wp-json\/wp\/v2\/product_tag?post=53609"}],"curies":[{"name":"wp","href":"https:\/\/api.w.org\/{rel}","templated":true}]}}