{"id":54144,"date":"2019-09-04T21:04:25","date_gmt":"2019-09-04T18:04:25","guid":{"rendered":"https:\/\/ramrolf.eu\/lv\/product\/import-placeholder-for-50567\/"},"modified":"2019-09-04T23:31:13","modified_gmt":"2019-09-04T20:31:13","slug":"lvkartridzs-nv-tk-1170-aac-xeia-ecosys-m2040dn-m2540dn-m2640idw7200","status":"publish","type":"product","link":"https:\/\/ramrolf.lv\/ru\/product\/lvkartridzs-nv-tk-1170-aac-xeia-ecosys-m2040dn-m2540dn-m2640idw7200\/","title":{"rendered":"K\u0101rtrid\u017es NV-TK-1170 (\u00c1\u00c5\u00c7 \u00d7\u00c8\u00cf\u00c0)  Ecosys M2040dn\/ M2540dn\/ M2640idw(7200)"},"content":{"rendered":"<p>K\u0101rtrid\u017es NV-TK-1170 (\u00c1\u00c5\u00c7 \u00d7\u00c8\u00cf\u00c0)  Ecosys M2040dn\/ M2540dn\/ M2640idw(7200)<\/p>\n","protected":false},"excerpt":{"rendered":"<p>K\u0101rtrid\u017es NV-TK-1170 (\u00c1\u00c5\u00c7 \u00d7\u00c8\u00cf\u00c0) Ecosys M2040dn\/ M2540dn\/ M2640idw(7200)<\/p>\n","protected":false},"featured_media":54173,"template":"","meta":[],"product_cat":[291],"product_tag":[],"_links":{"self":[{"href":"https:\/\/ramrolf.lv\/ru\/wp-json\/wp\/v2\/product\/54144"}],"collection":[{"href":"https:\/\/ramrolf.lv\/ru\/wp-json\/wp\/v2\/product"}],"about":[{"href":"https:\/\/ramrolf.lv\/ru\/wp-json\/wp\/v2\/types\/product"}],"wp:featuredmedia":[{"embeddable":true,"href":"https:\/\/ramrolf.lv\/ru\/wp-json\/wp\/v2\/media\/54173"}],"wp:attachment":[{"href":"https:\/\/ramrolf.lv\/ru\/wp-json\/wp\/v2\/media?parent=54144"}],"wp:term":[{"taxonomy":"product_cat","embeddable":true,"href":"https:\/\/ramrolf.lv\/ru\/wp-json\/wp\/v2\/product_cat?post=54144"},{"taxonomy":"product_tag","embeddable":true,"href":"https:\/\/ramrolf.lv\/ru\/wp-json\/wp\/v2\/product_tag?post=54144"}],"curies":[{"name":"wp","href":"https:\/\/api.w.org\/{rel}","templated":true}]}}