{"id":54165,"date":"2019-09-04T21:06:23","date_gmt":"2019-09-04T18:06:23","guid":{"rendered":"https:\/\/ramrolf.eu\/lv\/product\/import-placeholder-for-50578\/"},"modified":"2019-09-04T23:29:53","modified_gmt":"2019-09-04T20:29:53","slug":"lvkartridzs-nv-tk-3110-fs-4100dn15500","status":"publish","type":"product","link":"https:\/\/ramrolf.lv\/ru\/product\/lvkartridzs-nv-tk-3110-fs-4100dn15500\/","title":{"rendered":"K\u0101rtrid\u017es NV-TK-3110   FS-4100DN(15500)"},"content":{"rendered":"<p>K\u0101rtrid\u017es NV-TK-3110   FS-4100DN(15500)<\/p>\n","protected":false},"excerpt":{"rendered":"<p>K\u0101rtrid\u017es NV-TK-3110 FS-4100DN(15500)<\/p>\n","protected":false},"featured_media":54195,"template":"","meta":[],"product_cat":[291],"product_tag":[],"_links":{"self":[{"href":"https:\/\/ramrolf.lv\/ru\/wp-json\/wp\/v2\/product\/54165"}],"collection":[{"href":"https:\/\/ramrolf.lv\/ru\/wp-json\/wp\/v2\/product"}],"about":[{"href":"https:\/\/ramrolf.lv\/ru\/wp-json\/wp\/v2\/types\/product"}],"wp:featuredmedia":[{"embeddable":true,"href":"https:\/\/ramrolf.lv\/ru\/wp-json\/wp\/v2\/media\/54195"}],"wp:attachment":[{"href":"https:\/\/ramrolf.lv\/ru\/wp-json\/wp\/v2\/media?parent=54165"}],"wp:term":[{"taxonomy":"product_cat","embeddable":true,"href":"https:\/\/ramrolf.lv\/ru\/wp-json\/wp\/v2\/product_cat?post=54165"},{"taxonomy":"product_tag","embeddable":true,"href":"https:\/\/ramrolf.lv\/ru\/wp-json\/wp\/v2\/product_tag?post=54165"}],"curies":[{"name":"wp","href":"https:\/\/api.w.org\/{rel}","templated":true}]}}