{"id":54172,"date":"2019-09-04T21:06:59","date_gmt":"2019-09-04T18:06:59","guid":{"rendered":"https:\/\/ramrolf.eu\/lv\/product\/import-placeholder-for-50582\/"},"modified":"2019-09-04T23:29:50","modified_gmt":"2019-09-04T20:29:50","slug":"lvkartridzs-nv-tk-3160-aac-xeia-aac-aadaioee-ecosys-p3045dn-p3050dn-p3055dn-p3060dn12500","status":"publish","type":"product","link":"https:\/\/ramrolf.lv\/ru\/product\/lvkartridzs-nv-tk-3160-aac-xeia-aac-aadaioee-ecosys-p3045dn-p3050dn-p3055dn-p3060dn12500\/","title":{"rendered":"K\u0101rtrid\u017es NV-TK-3160 (\u00c1\u00c5\u00c7 \u00d7\u00c8\u00cf\u00c0) (\u00c1\u00c5\u00c7 \u00c3\u00c0\u00d0\u00c0\u00cd\u00d2\u00c8\u00c8)  Ecosys P3045dn\/ P3050dn\/  P3055dn\/ P3060dn(12500)"},"content":{"rendered":"<p>K\u0101rtrid\u017es NV-TK-3160 (\u00c1\u00c5\u00c7 \u00d7\u00c8\u00cf\u00c0) (\u00c1\u00c5\u00c7 \u00c3\u00c0\u00d0\u00c0\u00cd\u00d2\u00c8\u00c8)  Ecosys P3045dn\/ P3050dn\/  P3055dn\/ P3060dn(12500)<\/p>\n","protected":false},"excerpt":{"rendered":"<p>K\u0101rtrid\u017es NV-TK-3160 (\u00c1\u00c5\u00c7 \u00d7\u00c8\u00cf\u00c0) (\u00c1\u00c5\u00c7 \u00c3\u00c0\u00d0\u00c0\u00cd\u00d2\u00c8\u00c8) Ecosys P3045dn\/ P3050dn\/ P3055dn\/ P3060dn(12500)<\/p>\n","protected":false},"featured_media":54203,"template":"","meta":[],"product_cat":[291],"product_tag":[],"_links":{"self":[{"href":"https:\/\/ramrolf.lv\/ru\/wp-json\/wp\/v2\/product\/54172"}],"collection":[{"href":"https:\/\/ramrolf.lv\/ru\/wp-json\/wp\/v2\/product"}],"about":[{"href":"https:\/\/ramrolf.lv\/ru\/wp-json\/wp\/v2\/types\/product"}],"wp:featuredmedia":[{"embeddable":true,"href":"https:\/\/ramrolf.lv\/ru\/wp-json\/wp\/v2\/media\/54203"}],"wp:attachment":[{"href":"https:\/\/ramrolf.lv\/ru\/wp-json\/wp\/v2\/media?parent=54172"}],"wp:term":[{"taxonomy":"product_cat","embeddable":true,"href":"https:\/\/ramrolf.lv\/ru\/wp-json\/wp\/v2\/product_cat?post=54172"},{"taxonomy":"product_tag","embeddable":true,"href":"https:\/\/ramrolf.lv\/ru\/wp-json\/wp\/v2\/product_tag?post=54172"}],"curies":[{"name":"wp","href":"https:\/\/api.w.org\/{rel}","templated":true}]}}